{"id":13182,"date":"2024-09-05T15:25:54","date_gmt":"2024-09-05T15:25:54","guid":{"rendered":"https:\/\/www.rawberrysnacks.com\/distance-sales-contract\/"},"modified":"2024-09-05T15:38:49","modified_gmt":"2024-09-05T15:38:49","slug":"distance-sales-contract","status":"publish","type":"page","link":"https:\/\/www.rawberrysnacks.com\/en\/distance-sales-contract\/","title":{"rendered":"Distance Sales Contract"},"content":{"rendered":"\n<h2 class=\"wp-block-heading\">\n          <strong>DISTANCE SALES CONTRACT<\/strong>\n        <\/h2>\n\n<p>\n          <strong>1. PARTIES<\/strong>\n        <\/p>\n\n<p>This Agreement is entered into between the following parties on the terms and conditions set out below.<\/p>\n\n<p><strong>&#8216;BUYER&#8217;<\/strong>; (hereinafter referred to as &#8220;BUYER&#8221; in the contract)<\/p>\n\n<ul class=\"wp-block-list\">\n<li>\n          <strong>FULL NAME:<\/strong>\n        <\/li>\n\n\n\n<li>\n          <strong>ADDRESS:<\/strong>\n        <\/li>\n<\/ul>\n\n<p><strong>&#8216;SELLER&#8217;<\/strong>; (hereinafter referred to as &#8220;SELLER&#8221; in the contract)<\/p>\n\n<ul class=\"wp-block-list\">\n<li><strong>Title:<\/strong> SALVE GLOBAL FOOD INDUSTRY TRADE ANONI\u0307M \u015eI\u0307RKETI\u0307<\/li>\n\n\n\n<li><strong>Address<\/strong> K\u0131s\u0131kl\u0131 Mah. Alemdag Cad. Masaldan Business Center No: 60 C\/1 \u00dcmraniye\/Istanbul<\/li>\n\n\n\n<li><strong>Phone:<\/strong> +90 533 332 73 88<\/li>\n\n\n\n<li><strong>Email:<\/strong> <a>aytac@rawberrysnacks.com<\/a><\/li>\n<\/ul>\n\n<p>By accepting this contract, the BUYER agrees in advance that if he\/she approves the order subject to the contract, he\/she will be obliged to pay the price subject to the order and additional fees such as shipping fees, taxes, if any, and that he\/she has been informed in this regard.<\/p>\n\n<p>\n          <strong>2. DEFINITIONS<\/strong>\n        <\/p>\n\n<p>In the application and interpretation of this Agreement, the following terms shall mean the written explanations opposite them:<\/p>\n\n<ul class=\"wp-block-list\">\n<li><strong>MINISTER<\/strong> The Minister of Customs and Trade,<\/li>\n\n\n\n<li><strong>MINISTRY<\/strong> Ministry of Customs and Trade,<\/li>\n\n\n\n<li><strong>LAW<\/strong> Law No. 6502 on Consumer Protection,<\/li>\n\n\n\n<li><strong>REGULATION:<\/strong> Regulation on Distance Contracts (OG: 27.11.2014\/29188),<\/li>\n\n\n\n<li><strong>SERVICE<\/strong>: The subject matter of any consumer transaction other than the provision of goods that are made or undertaken to be made in return for a fee or benefit,<\/li>\n\n\n\n<li><strong>SELLER:<\/strong> The company that offers goods to the consumer within the scope of its commercial or professional activities or acts on behalf of or on account of the seller,<\/li>\n\n\n\n<li><strong>BUYER:<\/strong> A natural or legal person who acquires, uses or benefits from a good or service for commercial or non-professional purposes,<\/li>\n\n\n\n<li><strong>SITE:<\/strong> The website of the SELLER,<\/li>\n\n\n\n<li><strong>ORDER GIVER:<\/strong> A natural or legal person who requests a good or service through the SELLER&#8217;s website,<\/li>\n\n\n\n<li><strong>PARTIES:<\/strong> SELLER and BUYER,<\/li>\n\n\n\n<li><strong>CONTRACT:<\/strong> This contract concluded between the SELLER and the BUYER,<\/li>\n\n\n\n<li><strong>GOODS:<\/strong> Refers to movable goods subject to shopping and software, audio, video and similar intangible goods prepared for use in electronic media.<\/li>\n<\/ul>\n\n<p>\n          <strong>TOPIC 3<\/strong>\n        <\/p>\n\n<p>This Agreement regulates the rights and obligations of the parties in accordance with the provisions of the Law No. 6502 on the Protection of Consumers and the Regulation on Distance Contracts regarding the sale and delivery of the product whose qualifications and sales price are specified below, which the BUYER ordered electronically through the SELLER&#8217;s website.<\/p>\n\n<p>The prices listed and advertised on the site are the selling price.\nAdvertised prices and promises are valid until they are updated and changed.\nPrices advertised for a period of time are valid until the end of the specified period.  <\/p>\n\n<p>\n          <strong>4. VENDOR INFORMATION<\/strong>\n        <\/p>\n\n<ul class=\"wp-block-list\">\n<li><strong>Title:<\/strong> SALVE GLOBAL FOOD INDUSTRY TRADE ANONI\u0307M \u015eI\u0307RKETI\u0307<\/li>\n\n\n\n<li><strong>Address<\/strong> K\u0131s\u0131kl\u0131 Mah. Alemdag Cad. Masaldan Business Center No: 60 C\/1 \u00dcmraniye\/Istanbul<\/li>\n\n\n\n<li><strong>Phone:<\/strong> +90 533 332 73 88<\/li>\n\n\n\n<li><strong>Email:<\/strong> <a>aytac@rawberrysnacks.com<\/a><\/li>\n<\/ul>\n\n<p>\n          <strong>5. BUYER INFORMATION<\/strong>\n        <\/p>\n\n<ul class=\"wp-block-list\">\n<li>\n          <strong>Delivery person:<\/strong>\n        <\/li>\n\n\n\n<li>\n          <strong>Delivery Address:<\/strong>\n        <\/li>\n\n\n\n<li>\n          <strong>Phone:<\/strong>\n        <\/li>\n\n\n\n<li>\n          <strong>Fax:<\/strong>\n        <\/li>\n\n\n\n<li>\n          <strong>Email\/Username:<\/strong>\n        <\/li>\n<\/ul>\n\n<p>\n          <strong>6. INFORMATION OF THE PERSON PLACING THE ORDER<\/strong>\n        <\/p>\n\n<ul class=\"wp-block-list\">\n<li>\n          <strong>Name\/Surname\/Title:<\/strong>\n        <\/li>\n\n\n\n<li>\n          <strong>Address:<\/strong>\n        <\/li>\n\n\n\n<li>\n          <strong>Phone:<\/strong>\n        <\/li>\n\n\n\n<li>\n          <strong>Fax:<\/strong>\n        <\/li>\n\n\n\n<li>\n          <strong>Email\/Username:<\/strong>\n        <\/li>\n<\/ul>\n\n<p>\n          <strong>7. PRODUCT(S) SUBJECT TO THE CONTRACT<\/strong>\n        <\/p>\n\n<ol class=\"wp-block-list\">\n<li>The basic features (type, quantity, brand \/ model, color, quantity) of the Goods \/ Products \/ Products \/ Service are published on the website of the SELLER.\nIf a campaign is organized by the Seller, the basic features of the relevant product can be examined during the campaign.\nValid until the date of the campaign.  <\/li>\n\n\n\n<li>The prices listed and advertised on the site are the selling price.\nAdvertised prices and promises are valid until they are updated and changed.\nPrices announced for a period of time are valid until the end of the specified period.  <\/li>\n\n\n\n<li>The sales price of the goods or services subject to the contract, including all taxes, is shown below:\n<ul class=\"wp-block-list\">\n<li>\n          <strong>Product Description:<\/strong>\n        <\/li>\n\n\n\n<li>\n          <strong>Pieces:<\/strong>\n        <\/li>\n\n\n\n<li>\n          <strong>Unit Price:<\/strong>\n        <\/li>\n\n\n\n<li>\n          <strong>Subtotal (including VAT):<\/strong>\n        <\/li>\n\n\n\n<li>\n          <strong>Shipping Amount:<\/strong>\n        <\/li>\n\n\n\n<li>\n          <strong>Total:<\/strong>\n        <\/li>\n\n\n\n<li>\n          <strong>Payment Method and Plan:<\/strong>\n        <\/li>\n\n\n\n<li>\n          <strong>Delivery Address:<\/strong>\n        <\/li>\n\n\n\n<li>\n          <strong>Person to be delivered to:<\/strong>\n        <\/li>\n\n\n\n<li>\n          <strong>Invoice Address:<\/strong>\n        <\/li>\n\n\n\n<li>\n          <strong>Order Date:<\/strong>\n        <\/li>\n\n\n\n<li>\n          <strong>Delivery Date:<\/strong>\n        <\/li>\n\n\n\n<li>\n          <strong>Delivery Method:<\/strong>\n        <\/li>\n<\/ul>\n<\/li>\n\n\n\n<li>The shipping fee, which is the cost of product shipment, shall be paid by the BUYER.<\/li>\n<\/ol>\n\n<p>\n          <strong>8. INVOICE INFORMATION<\/strong>\n        <\/p>\n\n<ul class=\"wp-block-list\">\n<li>\n          <strong>Name\/Surname\/Title:<\/strong>\n        <\/li>\n\n\n\n<li>\n          <strong>Address:<\/strong>\n        <\/li>\n\n\n\n<li>\n          <strong>Phone:<\/strong>\n        <\/li>\n\n\n\n<li>\n          <strong>Fax:<\/strong>\n        <\/li>\n\n\n\n<li>\n          <strong>Email\/Username:<\/strong>\n        <\/li>\n\n\n\n<li><strong>Invoice delivery:<\/strong> The invoice will be delivered with the order to the invoice address during order delivery.<\/li>\n<\/ul>\n\n<p>\n          <strong>9. GENERAL PROVISIONS<\/strong>\n        <\/p>\n\n<p>9.1.\nALICI, SATICI\u2019ya ait internet sitesinde s\u00f6zle\u015fme konusu \u00fcr\u00fcn\u00fcn temel nitelikleri, sat\u0131\u015f fiyat\u0131 ve \u00f6deme \u015fekli ile teslimata ili\u015fkin \u00f6n bilgileri okuyup, bilgi sahibi oldu\u011funu, elektronik ortamda gerekli teyidi verdi\u011fini kabul, beyan ve taahh\u00fct eder.\nALICI\u2019n\u0131n; \u00d6n Bilgilendirmeyi elektronik ortamda teyit etmesi, mesafeli sat\u0131\u015f s\u00f6zle\u015fmesinin kurulmas\u0131ndan evvel, SATICI taraf\u0131ndan ALICI&#8217; ya verilmesi gereken adresi, sipari\u015fi verilen \u00fcr\u00fcnlere ait temel \u00f6zellikleri, \u00fcr\u00fcnlerin vergiler d\u00e2hil fiyat\u0131n\u0131, \u00f6deme ve teslimat bilgilerini de do\u011fru ve eksiksiz olarak edindi\u011fini kabul, beyan ve taahh\u00fct eder.  <\/p>\n\n<p>9.2.\nS\u00f6zle\u015fme konusu her bir \u00fcr\u00fcn, 30 g\u00fcnl\u00fck yasal s\u00fcreyi a\u015fmamak kayd\u0131 ile ALICI&#8217; n\u0131n yerle\u015fim yeri uzakl\u0131\u011f\u0131na ba\u011fl\u0131 olarak internet sitesindeki \u00f6n bilgiler k\u0131sm\u0131nda belirtilen s\u00fcre zarf\u0131nda ALICI veya ALICI\u2019n\u0131n g\u00f6sterdi\u011fi adresteki ki\u015fi ve\/veya kurulu\u015fa teslim edilir.\nBu s\u00fcre i\u00e7inde \u00fcr\u00fcn\u00fcn ALICI\u2019ya teslim edilememesi durumunda, ALICI\u2019n\u0131n s\u00f6zle\u015fmeyi feshetme hakk\u0131 sakl\u0131d\u0131r.  <\/p>\n\n<p>9.3.\nSATICI, S\u00f6zle\u015fme konusu \u00fcr\u00fcn\u00fc eksiksiz, sipari\u015fte belirtilen niteliklere uygun ve varsa garanti belgeleri, kullan\u0131m k\u0131lavuzlar\u0131 i\u015fin gere\u011fi olan bilgi ve belgeler ile teslim etmeyi, her t\u00fcrl\u00fc ay\u0131ptan ar\u00ee olarak yasal mevzuat gereklerine g\u00f6re sa\u011flam, standartlara uygun bir \u015fekilde i\u015fi do\u011fruluk ve d\u00fcr\u00fcstl\u00fck esaslar\u0131 d\u00e2hilinde ifa etmeyi, hizmet kalitesini koruyup y\u00fckseltmeyi, i\u015fin ifas\u0131 s\u0131ras\u0131nda gerekli dikkat ve \u00f6zeni g\u00f6stermeyi, ihtiyat ve \u00f6ng\u00f6r\u00fc ile hareket etmeyi kabul, beyan ve taahh\u00fct eder. <\/p>\n\n<p>9.4.\nSATICI, s\u00f6zle\u015fmeden do\u011fan ifa y\u00fck\u00fcml\u00fcl\u00fc\u011f\u00fcn\u00fcn s\u00fcresi dolmadan ALICI\u2019y\u0131 bilgilendirmek ve a\u00e7\u0131k\u00e7a onay\u0131n\u0131 almak suretiyle e\u015fit kalite ve fiyatta farkl\u0131 bir \u00fcr\u00fcn tedarik edebilir. <\/p>\n\n<p>9.5.\nSATICI, sipari\u015f konusu \u00fcr\u00fcn veya hizmetin yerine getirilmesinin imk\u00e2ns\u0131zla\u015fmas\u0131 halinde s\u00f6zle\u015fme konusu y\u00fck\u00fcml\u00fcl\u00fcklerini yerine getiremezse, bu durumu, \u00f6\u011frendi\u011fi tarihten itibaren 3 g\u00fcn i\u00e7inde yaz\u0131l\u0131 olarak t\u00fcketiciye bildirece\u011fini, 14 g\u00fcnl\u00fck s\u00fcre i\u00e7inde toplam bedeli ALICI\u2019ya iade edece\u011fini kabul, beyan ve taahh\u00fct eder. <\/p>\n\n<p>9.6.\nALICI, S\u00f6zle\u015fme konusu \u00fcr\u00fcn\u00fcn teslimat\u0131 i\u00e7in i\u015fbu S\u00f6zle\u015fme\u2019yi elektronik ortamda teyit edece\u011fini, herhangi bir nedenle s\u00f6zle\u015fme konusu \u00fcr\u00fcn bedelinin \u00f6denmemesi ve\/veya banka kay\u0131tlar\u0131nda iptal edilmesi halinde, SATICI\u2019n\u0131n s\u00f6zle\u015fme konusu \u00fcr\u00fcn\u00fc teslim y\u00fck\u00fcml\u00fcl\u00fc\u011f\u00fcn\u00fcn sona erece\u011fini kabul, beyan ve taahh\u00fct eder. <\/p>\n\n<p>9.7.\nALICI, S\u00f6zle\u015fme konusu \u00fcr\u00fcn\u00fcn ALICI veya ALICI\u2019n\u0131n g\u00f6sterdi\u011fi adresteki ki\u015fi ve\/veya kurulu\u015fa tesliminden sonra ALICI&#8217;ya ait kredi kart\u0131n\u0131n yetkisiz ki\u015filerce haks\u0131z kullan\u0131lmas\u0131 sonucunda s\u00f6zle\u015fme konusu \u00fcr\u00fcn bedelinin ilgili banka veya finans kurulu\u015fu taraf\u0131ndan SATICI&#8217;ya \u00f6denmemesi halinde, ALICI S\u00f6zle\u015fme konusu \u00fcr\u00fcn\u00fc 3 g\u00fcn i\u00e7erisinde nakliye gideri SATICI\u2019ya ait olacak \u015fekilde SATICI\u2019ya iade edece\u011fini kabul, beyan ve taahh\u00fct eder. <\/p>\n\n<p>9.8.\nSATICI, taraflar\u0131n iradesi d\u0131\u015f\u0131nda geli\u015fen, \u00f6nceden \u00f6ng\u00f6r\u00fclemeyen ve taraflar\u0131n bor\u00e7lar\u0131n\u0131 yerine getirmesini engelleyici ve\/veya geciktirici hallerin olu\u015fmas\u0131 gibi m\u00fccbir sebepler halleri nedeni ile s\u00f6zle\u015fme konusu \u00fcr\u00fcn\u00fc s\u00fcresi i\u00e7inde teslim edemez ise, durumu ALICI&#8217;ya bildirece\u011fini kabul, beyan ve taahh\u00fct eder.\nALICI da sipari\u015fin iptal edilmesini, s\u00f6zle\u015fme konusu \u00fcr\u00fcn\u00fcn varsa emsali ile de\u011fi\u015ftirilmesini ve\/veya teslimat s\u00fcresinin engelleyici durumun ortadan kalkmas\u0131na kadar ertelenmesini SATICI\u2019dan talep etme hakk\u0131n\u0131 haizdir.\nALICI taraf\u0131ndan sipari\u015fin iptal edilmesi halinde ALICI\u2019n\u0131n nakit ile yapt\u0131\u011f\u0131 \u00f6demelerde, \u00fcr\u00fcn tutar\u0131 14 g\u00fcn i\u00e7inde kendisine nakden ve defaten \u00f6denir.\nALICI\u2019n\u0131n kredi kart\u0131 ile yapt\u0131\u011f\u0131 \u00f6demelerde ise, \u00fcr\u00fcn tutar\u0131, sipari\u015fin ALICI taraf\u0131ndan iptal edilmesinden sonra 14 g\u00fcn i\u00e7erisinde ilgili bankaya iade edilir.\nALICI, SATICI taraf\u0131ndan kredi kart\u0131na iade edilen tutar\u0131n banka taraf\u0131ndan ALICI hesab\u0131na yans\u0131t\u0131lmas\u0131na ili\u015fkin ortalama s\u00fcrecin 2 ile 3 haftay\u0131 bulabilece\u011fini, bu tutar\u0131n bankaya iadesinden sonra ALICI\u2019n\u0131n hesaplar\u0131na yans\u0131mas\u0131 halinin tamamen banka i\u015flem s\u00fcreci ile ilgili oldu\u011fundan, ALICI, olas\u0131 gecikmeler i\u00e7in SATICI\u2019y\u0131 sorumlu tutamayaca\u011f\u0131n\u0131 kabul, beyan ve taahh\u00fct eder.     <\/p>\n\n<p>9.9.\nSATICININ, ALICI taraf\u0131ndan siteye kay\u0131t formunda belirtilen veya daha sonra kendisi taraf\u0131ndan g\u00fcncellenen adresi, e-posta adresi, sabit ve mobil telefon hatlar\u0131 ve di\u011fer ileti\u015fim bilgileri \u00fczerinden mektup, e-posta, SMS, telefon g\u00f6r\u00fc\u015fmesi ve di\u011fer yollarla ileti\u015fim, pazarlama, bildirim ve di\u011fer ama\u00e7larla ALICI\u2019ya ula\u015fma hakk\u0131 bulunmaktad\u0131r.\nALICI, i\u015fbu s\u00f6zle\u015fmeyi kabul etmekle SATICI\u2019n\u0131n kendisine y\u00f6nelik yukar\u0131da belirtilen ileti\u015fim faaliyetlerinde bulunabilece\u011fini kabul ve beyan etmektedir.  <\/p>\n\n<p>9.10.\nALICI, s\u00f6zle\u015fme konusu mal\/hizmeti teslim almadan \u00f6nce muayene edecek; ezik, k\u0131r\u0131k, ambalaj\u0131 y\u0131rt\u0131lm\u0131\u015f vb.\nhasarl\u0131 ve ay\u0131pl\u0131 mal\/hizmeti kargo \u015firketinden teslim almayacakt\u0131r.\nTeslim al\u0131nan mal\/hizmetin hasars\u0131z ve sa\u011flam oldu\u011fu kabul edilecektir.\nTeslimden sonra mal\/hizmetin \u00f6zenle korunmas\u0131 borcu, ALICI\u2019ya aittir.\nCayma hakk\u0131 kullan\u0131lacaksa mal\/hizmet kullan\u0131lmamal\u0131d\u0131r.\nFatura iade edilmelidir.      <\/p>\n\n<p>9.11.\nALICI ile sipari\u015f esnas\u0131nda kullan\u0131lan kredi kart\u0131 hamilinin ayn\u0131 ki\u015fi olmamas\u0131 veya \u00fcr\u00fcn\u00fcn ALICI\u2019ya tesliminden evvel, sipari\u015fte kullan\u0131lan kredi kart\u0131na ili\u015fkin g\u00fcvenlik a\u00e7\u0131\u011f\u0131 tespit edilmesi halinde, SATICI, kredi kart\u0131 hamiline ili\u015fkin kimlik ve ileti\u015fim bilgilerini, sipari\u015fte kullan\u0131lan kredi kart\u0131n\u0131n bir \u00f6nceki aya ait ekstresini yahut kart hamilinin bankas\u0131ndan kredi kart\u0131n\u0131n kendisine ait oldu\u011funa ili\u015fkin yaz\u0131y\u0131 ibraz etmesini ALICI\u2019dan talep edebilir.\nALICI\u2019n\u0131n talebe konu bilgi\/belgeleri temin etmesine kadar ge\u00e7ecek s\u00fcrede sipari\u015f dondurulacak olup, mezkur taleplerin 24 saat i\u00e7erisinde kar\u015f\u0131lanmamas\u0131 halinde ise SATICI, sipari\u015fi iptal etme hakk\u0131n\u0131 haizdir.  <\/p>\n\n<p>9.12.\nALICI, SATICI\u2019ya ait internet sitesine \u00fcye olurken verdi\u011fi ki\u015fisel ve di\u011fer sair bilgilerin ger\u00e7e\u011fe uygun oldu\u011funu, SATICI\u2019n\u0131n bu bilgilerin ger\u00e7e\u011fe ayk\u0131r\u0131l\u0131\u011f\u0131 nedeniyle u\u011frayaca\u011f\u0131 t\u00fcm zararlar\u0131, SATICI\u2019n\u0131n ilk bildirimi \u00fczerine derhal, nakden ve defaten tazmin edece\u011fini beyan ve taahh\u00fct eder. <\/p>\n\n<p>9.13.\nALICI, SATICI\u2019ya ait internet sitesini kullan\u0131rken yasal mevzuat h\u00fck\u00fcmlerine riayet etmeyi ve bunlar\u0131 ihlal etmemeyi ba\u015ftan kabul ve taahh\u00fct eder.\nAksi takdirde, do\u011facak t\u00fcm hukuki ve cezai y\u00fck\u00fcml\u00fcl\u00fckler tamamen ve m\u00fcnhas\u0131ran ALICI\u2019y\u0131 ba\u011flayacakt\u0131r.  <\/p>\n\n<p>9.14.\nALICI, SATICI\u2019ya ait internet sitesini hi\u00e7bir \u015fekilde kamu d\u00fczenini bozucu, genel ahlaka ayk\u0131r\u0131, ba\u015fkalar\u0131n\u0131 rahats\u0131z ve taciz edici \u015fekilde, yasalara ayk\u0131r\u0131 bir ama\u00e7 i\u00e7in, ba\u015fkalar\u0131n\u0131n maddi ve manevi haklar\u0131na tecav\u00fcz edecek \u015fekilde kullanamaz.\nAyr\u0131ca, \u00fcye ba\u015fkalar\u0131n\u0131n hizmetleri kullanmas\u0131n\u0131 \u00f6nleyici veya zorla\u015ft\u0131r\u0131c\u0131 faaliyet (spam, virus, truva at\u0131, vb.) i\u015flemlerde bulunamaz.  <\/p>\n\n<p>9.15.\nSATICI\u2019ya ait internet sitesinin \u00fczerinden, SATICI\u2019n\u0131n kendi kontrol\u00fcnde olmayan ve\/veya ba\u015fkaca \u00fc\u00e7\u00fcnc\u00fc ki\u015filerin sahip oldu\u011fu ve\/veya i\u015fletti\u011fi ba\u015fka web sitelerine ve\/veya ba\u015fka i\u00e7eriklere link verilebilir.\nBu linkler ALICI\u2019ya y\u00f6nlenme kolayl\u0131\u011f\u0131 sa\u011flamak amac\u0131yla konmu\u015f olup herhangi bir web sitesini veya o siteyi i\u015fleten ki\u015fiyi desteklememekte ve Link verilen web sitesinin i\u00e7erdi\u011fi bilgilere y\u00f6nelik herhangi bir garanti niteli\u011fi ta\u015f\u0131mamaktad\u0131r.  <\/p>\n\n<p>9.16.\n\u0130\u015fbu s\u00f6zle\u015fme i\u00e7erisinde say\u0131lan maddelerden bir ya da birka\u00e7\u0131n\u0131 ihlal eden \u00fcye i\u015fbu ihlal nedeniyle cezai ve hukuki olarak \u015fahsen sorumlu olup, SATICI\u2019y\u0131 bu ihlallerin hukuki ve cezai sonu\u00e7lar\u0131ndan ari tutacakt\u0131r.\nAyr\u0131ca; i\u015fbu ihlal nedeniyle, olay\u0131n hukuk alan\u0131na intikal ettirilmesi halinde, SATICI\u2019n\u0131n \u00fcyeye kar\u015f\u0131 \u00fcyelik s\u00f6zle\u015fmesine uyulmamas\u0131ndan dolay\u0131 tazminat talebinde bulunma hakk\u0131 sakl\u0131d\u0131r.  <\/p>\n\n<p>\n          <strong>10. RIGHT OF WITHDRAWAL<\/strong>\n        <\/p>\n\n<p>10.1.\nALICI; mesafeli s\u00f6zle\u015fmenin mal sat\u0131\u015f\u0131na ili\u015fkin olmas\u0131 durumunda, \u00fcr\u00fcn\u00fcn kendisine veya g\u00f6sterdi\u011fi adresteki ki\u015fi\/kurulu\u015fa teslim tarihinden itibaren 14 (on d\u00f6rt) g\u00fcn i\u00e7erisinde, SATICI\u2019ya bildirmek \u015fart\u0131yla hi\u00e7bir hukuki ve cezai sorumluluk \u00fcstlenmeksizin ve hi\u00e7bir gerek\u00e7e g\u00f6stermeksizin mal\u0131 reddederek s\u00f6zle\u015fmeden cayma hakk\u0131n\u0131 kullanabilir.\nHizmet sunumuna ili\u015fkin mesafeli s\u00f6zle\u015fmelerde ise, bu s\u00fcre s\u00f6zle\u015fmenin imzaland\u0131\u011f\u0131 tarihten itibaren ba\u015flar.\nCayma hakk\u0131 s\u00fcresi sona ermeden \u00f6nce, t\u00fcketicinin onay\u0131 ile hizmetin ifas\u0131na ba\u015flanan hizmet s\u00f6zle\u015fmelerinde cayma hakk\u0131 kullan\u0131lamaz.\nCayma hakk\u0131n\u0131n kullan\u0131m\u0131ndan kaynaklanan masraflar SATICI\u2019 ya aittir.\nALICI, i\u015f bu s\u00f6zle\u015fmeyi kabul etmekle, cayma hakk\u0131 konusunda bilgilendirildi\u011fini pe\u015finen kabul eder.     <\/p>\n\n<p>10.2.\nCayma hakk\u0131n\u0131n kullan\u0131lmas\u0131 i\u00e7in 14 (ond\u00f6rt) g\u00fcnl\u00fck s\u00fcre i\u00e7inde SATICI&#8217; ya iadeli taahh\u00fctl\u00fc posta, faks veya eposta ile yaz\u0131l\u0131 bildirimde bulunulmas\u0131 ve \u00fcr\u00fcn\u00fcn i\u015fbu s\u00f6zle\u015fmede d\u00fczenlenen &#8220;Cayma Hakk\u0131 Kullan\u0131lamayacak \u00dcr\u00fcnler&#8221; h\u00fck\u00fcmleri \u00e7er\u00e7evesinde kullan\u0131lmam\u0131\u015f olmas\u0131 \u015fartt\u0131r.\nBu hakk\u0131n kullan\u0131lmas\u0131 halinde,  <\/p>\n\n<p>a) 3.\nThe invoice of the product delivered to the person or the BUYER, (If the invoice of the product to be returned is corporate, it must be sent together with the return invoice issued by the institution when returning. Order returns whose invoice is issued on behalf of institutions will not be completed if the RETURN INVOICE is not issued.) <\/p>\n\n<p>b) Return form,<\/p>\n\n<p>c) The products to be returned must be delivered complete and undamaged together with the box, packaging and standard accessories, if any.<\/p>\n\n<p>d) The SELLER is obliged to return the total price and the documents that put the BUYER under debt to the BUYER within a period of 10 days at the latest from the receipt of the withdrawal notification and to return the goods within 20 days.<\/p>\n\n<p>e) If there is a decrease in the value of the goods for a reason arising from the fault of the BUYER or if the return becomes impossible, the BUYER is obliged to compensate the SELLER&#8217;s damages in proportion to its fault.\nHowever, the BUYER is not responsible for the changes and deterioration caused by the proper use of the goods or the product within the right of withdrawal. <\/p>\n\n<p>f) In the event that the campaign limit amount issued by the SELLER falls below the campaign limit amount due to the use of the right of withdrawal, the discount amount used within the scope of the campaign will be canceled.<\/p>\n\n<p>\n          <strong>11. PRODUCTS THAT CANNOT USE THE RIGHT OF WITHDRAWAL<\/strong>\n        <\/p>\n\n<p>Underwear bottom parts, swimwear and bikini bottoms, make-up materials, disposable products, goods that are in danger of spoiling quickly or that are likely to expire, products that are not suitable for return in terms of health and hygiene if the packaging is opened by the BUYER after delivery to the BUYER, products that mix with other products after delivery and cannot be separated by nature, Except for those provided within the scope of the subscription agreement, goods related to periodicals such as newspapers and magazines, services performed instantly in electronic media or intangible goods delivered to the consumer instantly, and audio or video recordings, books, digital content, software programs, data recording and data storage devices, computer consumables, if the packaging is opened by the BUYER, it is not possible to return them in accordance with the Regulation.\nIn addition, before the expiration of the right of withdrawal period, it is not possible to use the right of withdrawal regarding the services started to be performed with the approval of the consumer in accordance with the Regulation. <\/p>\n\n<p>Cosmetics and personal care products, underwear, swimwear, bikinis, books, copyable software and programs, DVDs, VCDs, CDs and cassettes, and stationery consumables (toner, cartridges, ribbons, etc.) must be unopened, untested, intact and unused in order to be returned.<\/p>\n\n<p>\n          <strong>12. DEFAULT AND LEGAL CONSEQUENCES<\/strong>\n        <\/p>\n\n<p>The BUYER accepts, declares and undertakes that if he\/she defaults in the event that he\/she makes payment transactions by credit card, he\/she will pay interest within the framework of the credit card agreement between the cardholder bank and the bank and will be liable to the bank.\nIn this case, the relevant bank may apply for legal remedies; may request the costs and attorney&#8217;s fee from the BUYER and in any case, if the BUYER defaults due to the BUYER&#8217;s debt, the BUYER accepts, declares and undertakes that the BUYER will pay the loss and loss incurred by the SELLER due to the delayed performance of the debt. <\/p>\n\n<p>\n          <strong>13. COMPETENT COURT<\/strong>\n        <\/p>\n\n<p>In disputes arising from this contract, complaints and objections shall be made to the consumer problems arbitration committee or consumer court in the place where the consumer is located or where the consumer transaction is made within the monetary limits specified in the following law.\nInformation regarding the monetary limit is below: <\/p>\n\n<p>Effective as of 28\/05\/2014:<\/p>\n\n<p>a) Pursuant to Article 68 of the Law No. 6502 on the Protection of Consumers\nIn accordance with Article 68 of the Law on Consumer Protection No. 6502, in disputes with a value of less than 2.000,00 (two thousand) TL, to the district consumer arbitration committees, <\/p>\n\n<p>b) Provincial consumer arbitration committees in disputes with a value below 3.000,00 (three thousand) TL,<\/p>\n\n<p>c) In provinces with metropolitan status, applications are made to provincial consumer arbitration committees for disputes between 2.000,00 (two thousand) TL and 3.000,00 (three thousand) TL.\nThis Agreement is made for commercial purposes. <\/p>\n\n<p>\n          <strong>14.<\/strong>\n        <\/p>\n\n<p>The BUYER is deemed to have accepted all the terms of this contract when he\/she makes the payment for the order placed through the Site.\nThe SELLER is obliged to make the necessary software arrangements to obtain confirmation that this agreement has been read and accepted by the BUYER on the site before the order is realized. <\/p>\n\n<p>\n          <strong>SELLER<\/strong>\n        <\/p>\n\n<p>SALVE GLOBAL FOOD INDUSTRY TRADE ANONI\u0307M \u015eI\u0307RKETI\u0307<\/p>\n\n<p>\n          <strong>RECIPIENT:<\/strong>\n        <\/p>\n\n<p>\n          <strong>HISTORY:<\/strong>\n        <\/p>\n","protected":false},"excerpt":{"rendered":"<p>DISTANCE SALES CONTRACT 1. PARTIES This Agreement is entered into between the following parties on the terms and conditions set<\/p>\n","protected":false},"author":1,"featured_media":0,"parent":0,"menu_order":0,"comment_status":"closed","ping_status":"closed","template":"","meta":{"_joinchat":[],"footnotes":""},"class_list":["post-13182","page","type-page","status-publish","hentry"],"_links":{"self":[{"href":"https:\/\/www.rawberrysnacks.com\/en\/wp-json\/wp\/v2\/pages\/13182","targetHints":{"allow":["GET"]}}],"collection":[{"href":"https:\/\/www.rawberrysnacks.com\/en\/wp-json\/wp\/v2\/pages"}],"about":[{"href":"https:\/\/www.rawberrysnacks.com\/en\/wp-json\/wp\/v2\/types\/page"}],"author":[{"embeddable":true,"href":"https:\/\/www.rawberrysnacks.com\/en\/wp-json\/wp\/v2\/users\/1"}],"replies":[{"embeddable":true,"href":"https:\/\/www.rawberrysnacks.com\/en\/wp-json\/wp\/v2\/comments?post=13182"}],"version-history":[{"count":1,"href":"https:\/\/www.rawberrysnacks.com\/en\/wp-json\/wp\/v2\/pages\/13182\/revisions"}],"predecessor-version":[{"id":13183,"href":"https:\/\/www.rawberrysnacks.com\/en\/wp-json\/wp\/v2\/pages\/13182\/revisions\/13183"}],"wp:attachment":[{"href":"https:\/\/www.rawberrysnacks.com\/en\/wp-json\/wp\/v2\/media?parent=13182"}],"curies":[{"name":"wp","href":"https:\/\/api.w.org\/{rel}","templated":true}]}}