{"id":11186,"date":"2021-10-12T16:27:24","date_gmt":"2021-10-12T16:27:24","guid":{"rendered":"https:\/\/www.rawberrysnacks.com\/contact-us\/"},"modified":"2022-06-30T19:05:30","modified_gmt":"2022-06-30T19:05:30","slug":"contact-us","status":"publish","type":"page","link":"https:\/\/www.rawberrysnacks.com\/en\/contact-us\/","title":{"rendered":"Contact Us"},"content":{"rendered":"\t\t<div data-elementor-type=\"wp-page\" data-elementor-id=\"11186\" class=\"elementor elementor-11186 elementor-4439\">\n\t\t\t\t\t\t<section class=\"elementor-section elementor-top-section elementor-element elementor-element-66553f5 elementor-section-stretched elementor-section-boxed elementor-section-height-default elementor-section-height-default\" data-id=\"66553f5\" data-element_type=\"section\" data-e-type=\"section\" data-settings=\"{&quot;stretch_section&quot;:&quot;section-stretched&quot;}\">\n\t\t\t\t\t\t<div class=\"elementor-container elementor-column-gap-no\">\n\t\t\t\t\t<div class=\"elementor-column elementor-col-100 elementor-top-column elementor-element elementor-element-639ee2c\" data-id=\"639ee2c\" data-element_type=\"column\" data-e-type=\"column\">\n\t\t\t<div class=\"elementor-widget-wrap elementor-element-populated\">\n\t\t\t\t\t\t<div class=\"elementor-element elementor-element-027ebe0 elementor-widget elementor-widget-google_maps\" data-id=\"027ebe0\" data-element_type=\"widget\" data-e-type=\"widget\" data-widget_type=\"google_maps.default\">\n\t\t\t\t<div class=\"elementor-widget-container\">\n\t\t\t\t\t\t\t<div class=\"elementor-custom-embed\">\n\t\t\t<iframe loading=\"lazy\"\n\t\t\t\t\tsrc=\"https:\/\/maps.google.com\/maps?q=Rawberry%20Snacks%2C%20K%C4%B1s%C4%B1kl%C4%B1%20Mahallesi%20Masaldan%20%C4%B0%C5%9F%20Merkezi%2C%20D%3AG-1%2C%2034692%20%C3%9Csk%C3%BCdar%2F%C4%B0stanbul&#038;t=m&#038;z=11&#038;output=embed&#038;iwloc=near\"\n\t\t\t\t\ttitle=\"Rawberry Snacks, K\u0131s\u0131kl\u0131 Mahallesi Masaldan \u0130\u015f Merkezi, D:G-1, 34692 \u00dcsk\u00fcdar\/\u0130stanbul\"\n\t\t\t\t\taria-label=\"Rawberry Snacks, K\u0131s\u0131kl\u0131 Mahallesi Masaldan \u0130\u015f Merkezi, D:G-1, 34692 \u00dcsk\u00fcdar\/\u0130stanbul\"\n\t\t\t><\/iframe>\n\t\t<\/div>\n\t\t\t\t\t\t<\/div>\n\t\t\t\t<\/div>\n\t\t\t\t\t<\/div>\n\t\t<\/div>\n\t\t\t\t\t<\/div>\n\t\t<\/section>\n\t\t\t\t<section class=\"wd-negative-gap elementor-section elementor-top-section elementor-element elementor-element-5409fe2 elementor-section-boxed elementor-section-height-default elementor-section-height-default\" data-id=\"5409fe2\" data-element_type=\"section\" data-e-type=\"section\">\n\t\t\t\t\t\t<div class=\"elementor-container elementor-column-gap-default\">\n\t\t\t\t\t<div class=\"elementor-column elementor-col-100 elementor-top-column elementor-element elementor-element-a11f747\" data-id=\"a11f747\" data-element_type=\"column\" data-e-type=\"column\">\n\t\t\t<div class=\"elementor-widget-wrap elementor-element-populated\">\n\t\t\t\t\t\t<div class=\"elementor-element elementor-element-a6488eb elementor-widget elementor-widget-spacer\" data-id=\"a6488eb\" data-element_type=\"widget\" data-e-type=\"widget\" data-widget_type=\"spacer.default\">\n\t\t\t\t<div class=\"elementor-widget-container\">\n\t\t\t\t\t\t\t<div class=\"elementor-spacer\">\n\t\t\t<div class=\"elementor-spacer-inner\"><\/div>\n\t\t<\/div>\n\t\t\t\t\t\t<\/div>\n\t\t\t\t<\/div>\n\t\t\t\t\t<\/div>\n\t\t<\/div>\n\t\t\t\t\t<\/div>\n\t\t<\/section>\n\t\t\t\t<section class=\"wd-negative-gap elementor-section elementor-top-section elementor-element elementor-element-ee03008 elementor-section-boxed elementor-section-height-default elementor-section-height-default\" data-id=\"ee03008\" data-element_type=\"section\" data-e-type=\"section\">\n\t\t\t\t\t\t<div class=\"elementor-container elementor-column-gap-default\">\n\t\t\t\t\t<div class=\"elementor-column elementor-col-50 elementor-top-column elementor-element elementor-element-6a9bd1f\" data-id=\"6a9bd1f\" data-element_type=\"column\" data-e-type=\"column\">\n\t\t\t<div class=\"elementor-widget-wrap elementor-element-populated\">\n\t\t\t\t\t\t<div class=\"elementor-element elementor-element-b5b3841 elementor-widget elementor-widget-wd_image_or_svg\" data-id=\"b5b3841\" data-element_type=\"widget\" data-e-type=\"widget\" data-widget_type=\"wd_image_or_svg.default\">\n\t\t\t\t<div class=\"elementor-widget-container\">\n\t\t\t\t\t\n\t\t<div class=\"wd-image text-center\">\n\t\t\t\t\t\t\t\t<img loading=\"lazy\" decoding=\"async\" width=\"1776\" height=\"1776\" src=\"https:\/\/www.rawberrysnacks.com\/wp-content\/uploads\/2022\/06\/mail-bg.jpg\" class=\"attachment-full size-full\" alt=\"\" srcset=\"https:\/\/www.rawberrysnacks.com\/wp-content\/uploads\/2022\/06\/mail-bg.jpg 1776w, https:\/\/www.rawberrysnacks.com\/wp-content\/uploads\/2022\/06\/mail-bg-250x250.jpg 250w, https:\/\/www.rawberrysnacks.com\/wp-content\/uploads\/2022\/06\/mail-bg-150x150.jpg 150w, https:\/\/www.rawberrysnacks.com\/wp-content\/uploads\/2022\/06\/mail-bg-600x600.jpg 600w, https:\/\/www.rawberrysnacks.com\/wp-content\/uploads\/2022\/06\/mail-bg-300x300.jpg 300w, https:\/\/www.rawberrysnacks.com\/wp-content\/uploads\/2022\/06\/mail-bg-800x800.jpg 800w, https:\/\/www.rawberrysnacks.com\/wp-content\/uploads\/2022\/06\/mail-bg-768x768.jpg 768w, https:\/\/www.rawberrysnacks.com\/wp-content\/uploads\/2022\/06\/mail-bg-1536x1536.jpg 1536w, https:\/\/www.rawberrysnacks.com\/wp-content\/uploads\/2022\/06\/mail-bg-860x860.jpg 860w, https:\/\/www.rawberrysnacks.com\/wp-content\/uploads\/2022\/06\/mail-bg-430x430.jpg 430w, https:\/\/www.rawberrysnacks.com\/wp-content\/uploads\/2022\/06\/mail-bg-700x700.jpg 700w\" sizes=\"auto, (max-width: 1776px) 100vw, 1776px\" \/>\t\t\t\t\t<\/div>\n\n\t\t\t\t\t\t<\/div>\n\t\t\t\t<\/div>\n\t\t\t\t\t<\/div>\n\t\t<\/div>\n\t\t\t\t<div class=\"elementor-column elementor-col-50 elementor-top-column elementor-element elementor-element-87ca8fd\" data-id=\"87ca8fd\" data-element_type=\"column\" data-e-type=\"column\">\n\t\t\t<div class=\"elementor-widget-wrap elementor-element-populated\">\n\t\t\t\t\t\t<div class=\"elementor-element elementor-element-88ca337 wd-width-100 elementor-widget elementor-widget-wd_title\" data-id=\"88ca337\" data-element_type=\"widget\" data-e-type=\"widget\" data-widget_type=\"wd_title.default\">\n\t\t\t\t<div class=\"elementor-widget-container\">\n\t\t\t\t\t\t\t<div class=\"title-wrapper wd-set-mb reset-last-child wd-title-color-default wd-title-style-default wd-title-size-default text-left\">\n\n\t\t\t\t\t\t\t\t\t\t\t<div class=\"title-subtitle subtitle-color-default subtitle-style-default wd-fontsize-xs\">\n\t\t\t\t\tWE WILL GET BACK TO YOU AS SOON AS POSSIBLE.\t\t\t\t<\/div>\n\t\t\t\n\t\t\t<div class=\"liner-continer\">\n\t\t\t\t<h4 class=\"woodmart-title-container title wd-fontsize-l\">YOU CAN CONTACT US BY FILLING OUT THE FORM<\/h4> \n\t\t\t\t\t\t\t<\/div>\n\n\t\t\t\t\t<\/div>\n\t\t\t\t\t\t<\/div>\n\t\t\t\t<\/div>\n\t\t\t\t<div class=\"elementor-element elementor-element-5ce0072f wd-cf7 elementor-widget elementor-widget-wd_contact_form_7\" data-id=\"5ce0072f\" data-element_type=\"widget\" data-e-type=\"widget\" data-widget_type=\"wd_contact_form_7.default\">\n\t\t\t\t<div class=\"elementor-widget-container\">\n\t\t\t\t\t\n<div class=\"wpcf7 no-js\" id=\"wpcf7-f11490-o1\" lang=\"en-US\" dir=\"ltr\" data-wpcf7-id=\"11490\">\n<div class=\"screen-reader-response\"><p role=\"status\" aria-live=\"polite\" aria-atomic=\"true\"><\/p> <ul><\/ul><\/div>\n<form action=\"\/en\/wp-json\/wp\/v2\/pages\/11186#wpcf7-f11490-o1\" method=\"post\" class=\"wpcf7-form init\" aria-label=\"Contact form\" novalidate=\"novalidate\" data-status=\"init\">\n<fieldset class=\"hidden-fields-container\"><input type=\"hidden\" name=\"_wpcf7\" value=\"11490\" \/><input type=\"hidden\" name=\"_wpcf7_version\" value=\"6.1.5\" \/><input type=\"hidden\" name=\"_wpcf7_locale\" value=\"en_US\" \/><input type=\"hidden\" name=\"_wpcf7_unit_tag\" value=\"wpcf7-f11490-o1\" \/><input type=\"hidden\" name=\"_wpcf7_container_post\" value=\"0\" \/><input type=\"hidden\" name=\"_wpcf7_posted_data_hash\" value=\"\" \/><input type=\"hidden\" name=\"_wpcf7_recaptcha_response\" value=\"\" \/>\n<\/fieldset>\n<div class=\"wpcf7-response-output\" aria-hidden=\"true\"><\/div>\n<\/form>\n<\/div>\n\t\t\t\t<\/div>\n\t\t\t\t<\/div>\n\t\t\t\t\t<\/div>\n\t\t<\/div>\n\t\t\t\t\t<\/div>\n\t\t<\/section>\n\t\t\t\t<section class=\"wd-negative-gap elementor-section elementor-top-section elementor-element elementor-element-1c9344a2 elementor-section-boxed elementor-section-height-default elementor-section-height-default\" data-id=\"1c9344a2\" data-element_type=\"section\" data-e-type=\"section\">\n\t\t\t\t\t\t<div class=\"elementor-container elementor-column-gap-default\">\n\t\t\t\t\t<div class=\"elementor-column elementor-col-100 elementor-top-column elementor-element elementor-element-41bec3dc\" data-id=\"41bec3dc\" data-element_type=\"column\" data-e-type=\"column\">\n\t\t\t<div class=\"elementor-widget-wrap elementor-element-populated\">\n\t\t\t\t\t\t<div class=\"elementor-element elementor-element-6ffd0c7 wd-width-100 elementor-widget elementor-widget-wd_title\" data-id=\"6ffd0c7\" data-element_type=\"widget\" data-e-type=\"widget\" data-widget_type=\"wd_title.default\">\n\t\t\t\t<div class=\"elementor-widget-container\">\n\t\t\t\t\t\t\t<div class=\"title-wrapper wd-set-mb reset-last-child wd-title-color-default wd-title-style-default wd-title-size-default text-center\">\n\n\t\t\t\n\t\t\t<div class=\"liner-continer\">\n\t\t\t\t<h4 class=\"woodmart-title-container title wd-fontsize-l\">Countries and Addresses<\/h4> \n\t\t\t\t\t\t\t<\/div>\n\n\t\t\t\t\t<\/div>\n\t\t\t\t\t\t<\/div>\n\t\t\t\t<\/div>\n\t\t\t\t<div class=\"elementor-element elementor-element-8d8310b elementor-widget elementor-widget-wd_tabs\" data-id=\"8d8310b\" data-element_type=\"widget\" data-e-type=\"widget\" data-widget_type=\"wd_tabs.default\">\n\t\t\t\t<div class=\"elementor-widget-container\">\n\t\t\t\t\t\t\t<div class=\"wd-tabs tabs-design-default\">\n\t\t\t<div class=\"wd-tabs-header text-center\">\n\t\t\t\t\t\t\t\t\t<div class=\"tabs-name title\">\n\t\t\t\t\t\t\n\t\t\t\t\t\t<span class=\"tabs-text\" data-elementor-setting-key=\"title\">\n\t\t\t\t\t\t\tTitle text example\t\t\t\t\t\t<\/span>\n\t\t\t\t\t<\/div>\n\t\t\t\t\n\t\t\t\t\n\t\t\t\t<div class=\"wd-nav-wrapper wd-nav-tabs-wrapper\">\n\t\t\t\t\t<ul class=\"wd-nav wd-nav-tabs wd-icon-pos-left wd-style-default\">\n\t\t\t\t\t\t\t\t\t\t\t\t\t\n\t\t\t\t\t\t\t<li>\n\t\t\t\t\t\t\t\t<a href=\"#\" class=\"wd-nav-link\">\n\t\t\t\t\t\t\t\t\t\n\t\t\t\t\t\t\t\t\t<span class=\"nav-link-text wd-tabs-title\">\n\t\t\t\t\t\t\t\t\t\tTurkey\t\t\t\t\t\t\t\t\t<\/span>\n\t\t\t\t\t\t\t\t<\/a>\n\t\t\t\t\t\t\t<\/li>\n\n\t\t\t\t\t\t\t\t\t\t\t\t\t\n\t\t\t\t\t\t\t<li>\n\t\t\t\t\t\t\t\t<a href=\"#\" class=\"wd-nav-link\">\n\t\t\t\t\t\t\t\t\t\n\t\t\t\t\t\t\t\t\t<span class=\"nav-link-text wd-tabs-title\">\n\t\t\t\t\t\t\t\t\t\tGermany\t\t\t\t\t\t\t\t\t<\/span>\n\t\t\t\t\t\t\t\t<\/a>\n\t\t\t\t\t\t\t<\/li>\n\n\t\t\t\t\t\t\t\t\t\t\t\t\t\n\t\t\t\t\t\t\t<li>\n\t\t\t\t\t\t\t\t<a href=\"#\" class=\"wd-nav-link\">\n\t\t\t\t\t\t\t\t\t\n\t\t\t\t\t\t\t\t\t<span class=\"nav-link-text wd-tabs-title\">\n\t\t\t\t\t\t\t\t\t\tUnited Kingdom\t\t\t\t\t\t\t\t\t<\/span>\n\t\t\t\t\t\t\t\t<\/a>\n\t\t\t\t\t\t\t<\/li>\n\n\t\t\t\t\t\t\t\t\t\t\t<\/ul>\n\t\t\t\t<\/div>\n\t\t\t<\/div>\n\n\t\t\t<div class=\"wd-tabs-content-wrapper\">\n\t\t\t\t\t\t\t\t\t\t\t\t\t\t\n\t\t\t\t\t<div class=\"wd-tab-content wd-entry-content\">\n\t\t\t\t\t\t\t\t\t\t\t\t\t<div >\n\t\t\t\t\t\t\t\t<iframe loading=\"lazy\" style=\"border: 0;\" src=\"https:\/\/www.google.com\/maps\/embed?pb=!1m18!1m12!1m3!1d752.5359876693618!2d29.072890599999994!3d41.0221065!2m3!1f0!2f0!3f0!3m2!1i1024!2i768!4f13.1!3m3!1m2!1s0x14cac90b657e5887%3A0xd453af0b66b54d53!2sRawberry%20Snacks!5e0!3m2!1str!2str!4v1655829890746!5m2!1str!2str\" width=\"auto\" height=\"250\" allowfullscreen=\"allowfullscreen\"><\/iframe>\n<p style=\"text-align: center;\"><strong>Address<\/strong> K\u0131s\u0131kl\u0131 Mah. Alemdag Cad. No:60 Masaldan Business Center G-1 \u00dcsk\u00fcdar 34692 Istanbul<\/p>\n<p style=\"text-align: center;\"><strong>Telephone:<\/strong> +90 216 706 1696<\/p>\n<p style=\"text-align: center;\"><strong>E-mail: <a href=\"mailto:bilgi@rawberrysnacks.com\">bilgi@rawberrysnacks.com<\/a><\/strong><\/p>\t\t\t\t\t\t\t<\/div>\n\t\t\t\t\t\t\t\t\t\t\t<\/div>\n\n\t\t\t\t\t\t\t\t\t\t\t\t\t\t\n\t\t\t\t\t<div class=\"wd-tab-content wd-entry-content\">\n\t\t\t\t\t\t\t\t\t\t\t\t\t<div >\n\t\t\t\t\t\t\t\t<iframe src=\"https:\/\/www.google.com\/maps\/embed?pb=!1m14!1m8!1m3!1d1020.6293503940343!2d13.334486707299542!3d52.524760462755296!3m2!1i1024!2i768!4f13.1!3m3!1m2!1s0x47a8510dd3d8f765%3A0x23930782b671286c!2sAlt-Moabit%2077%2C%2010555%20Berlin%2C%20Almanya!5e0!3m2!1str!2str!4v1655830267759!5m2!1str!2str\" width=\"auto\" height=\"250\" style=\"border:0;\" allowfullscreen=\"\" loading=\"lazy\" referrerpolicy=\"no-referrer-when-downgrade\"><\/iframe>\n&nbsp;\n<p style=\"text-align: center;\"><strong>Address: <\/strong>Alt-Moabit 77 Berlin, 10555<\/p>\n<p style=\"text-align: center;\"><strong>Telephone:<\/strong> +49 (30) 27 99 50 28<\/p>\n<p style=\"text-align: center;\"><strong>E-mail: <a href=\"mailto:sales@rawberrysnacks.de\">sales@rawberrysnacks.de<\/a><\/strong><\/p>\t\t\t\t\t\t\t<\/div>\n\t\t\t\t\t\t\t\t\t\t\t<\/div>\n\n\t\t\t\t\t\t\t\t\t\t\t\t\t\t\n\t\t\t\t\t<div class=\"wd-tab-content wd-entry-content\">\n\t\t\t\t\t\t\t\t\t\t\t\t\t<div >\n\t\t\t\t\t\t\t\t<iframe src=\"https:\/\/www.google.com\/maps\/embed?pb=!1m14!1m8!1m3!1d2373.897680253875!2d-2.979268!3d53.488158!3m2!1i1024!2i768!4f13.1!3m3!1m2!1s0x487b230b50860643%3A0x1ac3d1691f1e2e91!2s17%20St%20Gregory's%20Croft%2C%20Bootle%20L30%203TP%2C%20Birle%C5%9Fik%20Krall%C4%B1k!5e0!3m2!1str!2str!4v1655830328306!5m2!1str!2str\" width=\"auto\" height=\"250\" style=\"border:0;\" allowfullscreen=\"\" loading=\"lazy\" referrerpolicy=\"no-referrer-when-downgrade\"><\/iframe>\n<p style=\"text-align: center;\"><strong>Address: <\/strong>17 St. Gregory's Croft Bootle, L30 3TP Liverpool<\/p>\n<p style=\"text-align: center;\"><strong>Telephone:<\/strong> +44 7549 401575<\/p>\n<p style=\"text-align: center;\"><strong>E-mail: <a href=\"mailto:gurbuz.ertem@aegean-supply.co.uk\">gurbuz.ertem@aegean-supply.co.uk<\/a><\/strong><\/p>\t\t\t\t\t\t\t<\/div>\n\t\t\t\t\t\t\t\t\t\t\t<\/div>\n\n\t\t\t\t\t\t\t<\/div>\n\t\t<\/div>\n\t\t\t\t\t\t<\/div>\n\t\t\t\t<\/div>\n\t\t\t\t\t<\/div>\n\t\t<\/div>\n\t\t\t\t\t<\/div>\n\t\t<\/section>\n\t\t\t\t<\/div>\n\t\t","protected":false},"excerpt":{"rendered":"<p>WE WILL GET BACK TO YOU AS SOON AS POSSIBLE. YOU CAN CONTACT US BY FILLING OUT THE FORM Ad\u0131n\u0131z<\/p>\n","protected":false},"author":1,"featured_media":0,"parent":0,"menu_order":0,"comment_status":"closed","ping_status":"closed","template":"","meta":{"_joinchat":[],"footnotes":""},"class_list":["post-11186","page","type-page","status-publish","hentry"],"_links":{"self":[{"href":"https:\/\/www.rawberrysnacks.com\/en\/wp-json\/wp\/v2\/pages\/11186","targetHints":{"allow":["GET"]}}],"collection":[{"href":"https:\/\/www.rawberrysnacks.com\/en\/wp-json\/wp\/v2\/pages"}],"about":[{"href":"https:\/\/www.rawberrysnacks.com\/en\/wp-json\/wp\/v2\/types\/page"}],"author":[{"embeddable":true,"href":"https:\/\/www.rawberrysnacks.com\/en\/wp-json\/wp\/v2\/users\/1"}],"replies":[{"embeddable":true,"href":"https:\/\/www.rawberrysnacks.com\/en\/wp-json\/wp\/v2\/comments?post=11186"}],"version-history":[{"count":0,"href":"https:\/\/www.rawberrysnacks.com\/en\/wp-json\/wp\/v2\/pages\/11186\/revisions"}],"wp:attachment":[{"href":"https:\/\/www.rawberrysnacks.com\/en\/wp-json\/wp\/v2\/media?parent=11186"}],"curies":[{"name":"wp","href":"https:\/\/api.w.org\/{rel}","templated":true}]}}