{"id":12299,"date":"2023-03-31T14:14:50","date_gmt":"2023-03-31T14:14:50","guid":{"rendered":"https:\/\/www.rawberrysnacks.com\/urun\/strawberry-kinder-banana-balls-8-pack\/"},"modified":"2023-04-05T13:24:04","modified_gmt":"2023-04-05T13:24:04","slug":"strawberry-kinder-banana-balls-8-pack","status":"publish","type":"product","link":"https:\/\/www.rawberrysnacks.com\/de\/urun\/strawberry-kinder-banana-balls-8-pack\/","title":{"rendered":"RAWBERRY KINDER &#8211; PUNKY BANANA &#8211; FRUCHTKUGELN (8 PACKUNGEN)"},"content":{"rendered":"<p><strong>Zutaten<\/strong>: Datteln, Erdbeere, Banane, Aprikose, Sonnenblumenkerne, Kichererbsenmehl, nat\u00fcrliches Bananenaroma. N\u00c4HRWERTE \/ Portion (25g): Energie: 344 kj\/82 kcal, Fett: 1g &#8211; davon ges\u00e4ttigte Fetts\u00e4uren: 0,5g, Kohlenhydrate: 15,0g &#8211; davon Zucker: 9g, Ballaststoffe: 1,3g, Eiwei\u00df: 1,2g, Salz: 0,3g.<\/p>\n<p>Knusprige Bananen und Erdbeeren sind zu jeder Tageszeit verf\u00fchrerisch und lecker. Au\u00dferdem sind sie gesund und vegan. Gesundheit war noch nie so lecker. Rawberry ist der unverzichtbare Freund Ihrer Snacks. \u00b7 Glutenfrei \u00b7 Vegan \u00b7 Kein zugesetzter Zucker. Gesunde Alternative zu Schokolade. Enth\u00e4lt Superfoods. Ein sportfreundliches Produkt. Wenn Sie Lust auf Schokolade haben, vor dem Schlafengehen oder wenn Sie Hunger leicht in Ihrer Tasche unterdr\u00fccken m\u00f6chten, kann es mitgenommen werden. F\u00fcr diejenigen, die auf ihre Gesundheit achten&#8230;<\/p>\n<p>&nbsp;<\/p>\n<p>ANNAHMEN F\u00dcR ELTERN: Unsere Produkte sind bereit f\u00fcr die Brotdose und enthalten keine Zutaten wie Maissirup mit hohem Fructosegehalt, Konservierungsstoffe, k\u00fcnstliche Farb- und Geschmacksstoffe, die Eltern vermeiden m\u00f6chten. WIR K\u00dcMMERN UNS UM UNSERE KINDER: Wir k\u00fcmmern uns um unsere Kinder genau wie Sie. AUSGELEGT F\u00dcR DIE ERN\u00c4HRUNG: Ausgelegt, um Kinder w\u00e4hrend der Pause satt zu halten und ihnen mit hochfaserigen Superfoods (N\u00fcssen und Trockenfr\u00fcchten) in ihrer Brotdose Energie zu geben, um sp\u00e4ter weiter zu snacken. LECKER UND SPASSIG: Die Geschmacksrichtungen, die Kinder lieben, und Sie m\u00fcssen sich keine Sorgen machen, ob sie gesund sind oder nicht. LEBENSMITTEL-SICHERHEIT: Alle unsere Produkte werden ohne menschlichen Kontakt in BRCGS zertifizierten Anlagen hergestellt. Sie unterliegen unangek\u00fcndigten Audits. QUALIT\u00c4T: Wir arbeiten mit zertifizierten Lieferanten zusammen, die unsere hohen Standards f\u00fcr Geschmack, Aroma und nat\u00fcrliches Leben erf\u00fcllen.<\/p>\n<p><strong>NUR NAT\u00dcRLICHE ZUTATEN.<\/strong><\/p>\n<p>Kein zugesetzter Zucker, glutenfrei, vegan, ohne Konservierungsstoffe und ohne k\u00fcnstliche Farbstoffe. Rawberry ist f\u00fcr jedes Alter in der Brotdose, Schulreisen, Pausen und Snackpausen geeignet. Hilf deinen Kindern, mit nat\u00fcrlichen Zutaten Energie zu tanken. Mit jedem weichen und kauf\u00e4higen Biss lernen Kinder die Kraft eines pflanzenbasierten Lebensstils kennen. Es ersetzt hausgemachte Rezepte und kann mit gutem Gewissen gegessen werden. Perfekte weiche und kauf\u00e4hige Snacks, die Kinder auch nach der Schule lieben! Es ersetzt Schokolade und ist die perfekte Wahl f\u00fcr die Brotdose. Es bleibt frisch in seiner verschlie\u00dfbaren Verpackung und verl\u00e4uft nicht in der Tasche.<\/p>\n","protected":false},"excerpt":{"rendered":"<p>Enth\u00e4lt Superfoods, ist glutenfrei, vegan und enth\u00e4lt keinen zugesetzten Zucker.<\/p>\n","protected":false},"featured_media":12256,"comment_status":"open","ping_status":"closed","template":"","meta":{"_joinchat":[]},"product_brand":[],"product_cat":[246],"product_tag":[248],"class_list":{"0":"post-12299","1":"product","2":"type-product","3":"status-publish","4":"has-post-thumbnail","6":"product_cat-kinder","7":"product_tag-kinder","9":"first","10":"instock","11":"sale","12":"taxable","13":"shipping-taxable","14":"purchasable","15":"product-type-simple"},"_links":{"self":[{"href":"https:\/\/www.rawberrysnacks.com\/de\/wp-json\/wp\/v2\/product\/12299","targetHints":{"allow":["GET"]}}],"collection":[{"href":"https:\/\/www.rawberrysnacks.com\/de\/wp-json\/wp\/v2\/product"}],"about":[{"href":"https:\/\/www.rawberrysnacks.com\/de\/wp-json\/wp\/v2\/types\/product"}],"replies":[{"embeddable":true,"href":"https:\/\/www.rawberrysnacks.com\/de\/wp-json\/wp\/v2\/comments?post=12299"}],"version-history":[{"count":0,"href":"https:\/\/www.rawberrysnacks.com\/de\/wp-json\/wp\/v2\/product\/12299\/revisions"}],"wp:featuredmedia":[{"embeddable":true,"href":"https:\/\/www.rawberrysnacks.com\/de\/wp-json\/wp\/v2\/media\/12256"}],"wp:attachment":[{"href":"https:\/\/www.rawberrysnacks.com\/de\/wp-json\/wp\/v2\/media?parent=12299"}],"wp:term":[{"taxonomy":"product_brand","embeddable":true,"href":"https:\/\/www.rawberrysnacks.com\/de\/wp-json\/wp\/v2\/product_brand?post=12299"},{"taxonomy":"product_cat","embeddable":true,"href":"https:\/\/www.rawberrysnacks.com\/de\/wp-json\/wp\/v2\/product_cat?post=12299"},{"taxonomy":"product_tag","embeddable":true,"href":"https:\/\/www.rawberrysnacks.com\/de\/wp-json\/wp\/v2\/product_tag?post=12299"}],"curies":[{"name":"wp","href":"https:\/\/api.w.org\/{rel}","templated":true}]}}