{"id":12297,"date":"2023-03-31T14:35:26","date_gmt":"2023-03-31T14:35:26","guid":{"rendered":"https:\/\/www.rawberrysnacks.com\/urun\/rawberry-kinder-waldfrucht-baelle-8er-pack\/"},"modified":"2023-12-31T11:10:29","modified_gmt":"2023-12-31T11:10:29","slug":"rawberry-kinder-waldfucht-balle-8er-pack","status":"publish","type":"product","link":"https:\/\/www.rawberrysnacks.com\/de\/urun\/rawberry-kinder-waldfucht-balle-8er-pack\/","title":{"rendered":"RAWBERRY KINDER &#8211; WALDFRUCHT-B\u00c4LLE (8er PACK)"},"content":{"rendered":"<p><strong>ZUTATEN<\/strong>: Wildfr\u00fcchte (Erdbeeren, Preiselbeeren, Blaubeeren, gefriergetrocknete Holunderbeeren), Sonnenblumenkernkerne, Datteln. N\u00c4HRWERTANGABEN \/ Portion (25g): Energie: 395 kj\/94 kcal, Fett: 2,9 g &#8211; davon ges\u00e4ttigte Fetts\u00e4uren: 0,7 g, Kohlenhydrate: 14,0 g &#8211; davon Zucker: 12,2 g, Ballaststoffe: 1,6 g, Eiwei\u00df: 1,7 g, Salz: 0,1 g.<\/p>\n<p>Walderdbeeren sind zu jeder Tageszeit verlockend und lecker. Dar\u00fcber hinaus haben sie nur 94 Kalorien und sind vegan. Gesundheit war noch nie so lecker. Rawberry ist der unverzichtbare Freund Ihrer Snacks. \u00b7 Glutenfrei \u00b7 Vegan \u00b7 Kein zugesetzter Zucker. Gesunde Alternative zu Schokolade. Enth\u00e4lt Superfoods. Ein sportfreundliches Produkt. Wenn Sie Lust auf Schokolade haben, vor dem Schlafengehen oder wenn Sie Hunger leicht in Ihrer Tasche unterdr\u00fccken m\u00f6chten, kann es mitgenommen werden. F\u00fcr diejenigen, die auf ihre Gesundheit achten&#8230;<\/p>\n<p>GEEIGNET F\u00dcR ELTERN: Unsere Produkte sind fertig f\u00fcr die Lunchbox und enthalten keine Zutaten wie Maissirup mit hohem Fructosegehalt, Konservierungsstoffe, k\u00fcnstliche Farbstoffe und Aromen, die Eltern vermeiden m\u00f6chten.<\/p>\n<p>UNSERE KINDER LIEGEN UNS AM HERZEN: Uns liegen unsere Kinder genauso am Herzen wie Ihnen.<\/p>\n<p>F\u00dcR DIE ERN\u00c4HRUNG GESTALTEN: Entwickelt, um Kinder w\u00e4hrend der Snackzeit satt zu halten und ihnen mit ballaststoffreichen Superfoods (N\u00fcsse und getrocknete Fr\u00fcchte) in ihrer Lunchbox Energie zu geben, damit sie sp\u00e4ter weiter naschen k\u00f6nnen.<\/p>\n<p>SCHMACKIG UND SPASSIG: Die Geschmacksrichtungen, die Kinder lieben, und Sie m\u00fcssen sich keine Gedanken dar\u00fcber machen, ob sie gesund sind oder nicht.<\/p>\n<p>LEBENSMITTELSICHERHEIT: Alle unsere Produkte werden ohne menschlichen Kontakt in BRCGS-zertifizierten Einrichtungen hergestellt. Sie unterliegen unangek\u00fcndigten Audits.<\/p>\n<p>QUALIT\u00c4T: Wir arbeiten mit zertifizierten Lieferanten zusammen, die unsere hohen Standards erf\u00fcllen, um Geschmack, Aroma und nat\u00fcrliche Lebensdauer zu erhalten.<\/p>\n<p><strong>NUR NAT\u00dcRLICHE INHALTSSTOFFE.<\/strong><\/p>\n<p>Ohne Zuckerzusatz, glutenfrei, vegan, ohne Konservierungsstoffe und ohne k\u00fcnstliche Farbstoffe.<\/p>\n<p>Rawberry eignet sich f\u00fcr jedes Alter in der Lunchbox, f\u00fcr Schulausfl\u00fcge, Pausen und Zwischenmahlzeiten.<\/p>\n<p>Helfen Sie Ihren Kindern, mit nat\u00fcrlichen Inhaltsstoffen Energie zu tanken.<\/p>\n<p>Mit jedem weichen und kaubaren Bissen lernen Kinder die Kraft einer pflanzlichen Lebensweise kennen.<\/p>\n<p>Es ersetzt hausgemachte Rezepte und kann unbesorgt verzehrt werden.<\/p>\n<p>Perfekte weiche und kaubare Snacks, die Kinder auch nach der Schule lieben!<\/p>\n<p>Er ersetzt die Schokolade und ist die perfekte Wahl f\u00fcr die Lunchbox.<\/p>\n<p>In der Verpackung mit Rei\u00dfverschluss bleibt es frisch und l\u00e4uft nicht in die Tasche.<\/p>\n","protected":false},"excerpt":{"rendered":"<p>Enth\u00e4lt Superfoods, ist glutenfrei, vegan und enth\u00e4lt keinen zugesetzten Zucker. In einer BRCGS-zertifizierten Einrichtung f\u00fcr internationale Lebensmittelsicherheit hergestellt.<\/p>\n","protected":false},"featured_media":12286,"comment_status":"open","ping_status":"closed","template":"","meta":{"_joinchat":[]},"product_brand":[],"product_cat":[246],"product_tag":[248],"class_list":{"0":"post-12297","1":"product","2":"type-product","3":"status-publish","4":"has-post-thumbnail","6":"product_cat-kinder","7":"product_tag-kinder","9":"first","10":"instock","11":"sale","12":"taxable","13":"shipping-taxable","14":"purchasable","15":"product-type-simple"},"_links":{"self":[{"href":"https:\/\/www.rawberrysnacks.com\/de\/wp-json\/wp\/v2\/product\/12297","targetHints":{"allow":["GET"]}}],"collection":[{"href":"https:\/\/www.rawberrysnacks.com\/de\/wp-json\/wp\/v2\/product"}],"about":[{"href":"https:\/\/www.rawberrysnacks.com\/de\/wp-json\/wp\/v2\/types\/product"}],"replies":[{"embeddable":true,"href":"https:\/\/www.rawberrysnacks.com\/de\/wp-json\/wp\/v2\/comments?post=12297"}],"version-history":[{"count":0,"href":"https:\/\/www.rawberrysnacks.com\/de\/wp-json\/wp\/v2\/product\/12297\/revisions"}],"wp:featuredmedia":[{"embeddable":true,"href":"https:\/\/www.rawberrysnacks.com\/de\/wp-json\/wp\/v2\/media\/12286"}],"wp:attachment":[{"href":"https:\/\/www.rawberrysnacks.com\/de\/wp-json\/wp\/v2\/media?parent=12297"}],"wp:term":[{"taxonomy":"product_brand","embeddable":true,"href":"https:\/\/www.rawberrysnacks.com\/de\/wp-json\/wp\/v2\/product_brand?post=12297"},{"taxonomy":"product_cat","embeddable":true,"href":"https:\/\/www.rawberrysnacks.com\/de\/wp-json\/wp\/v2\/product_cat?post=12297"},{"taxonomy":"product_tag","embeddable":true,"href":"https:\/\/www.rawberrysnacks.com\/de\/wp-json\/wp\/v2\/product_tag?post=12297"}],"curies":[{"name":"wp","href":"https:\/\/api.w.org\/{rel}","templated":true}]}}