{"id":12097,"date":"2022-06-08T07:46:45","date_gmt":"2022-06-08T07:46:45","guid":{"rendered":"https:\/\/www.rawberrysnacks.com\/urun\/rawberry-cacao-15-bar\/"},"modified":"2023-12-31T11:01:50","modified_gmt":"2023-12-31T11:01:50","slug":"rawberry-cacao-15li","status":"publish","type":"product","link":"https:\/\/www.rawberrysnacks.com\/de\/urun\/rawberry-cacao-15li\/","title":{"rendered":"Rawberry Cacao 15 Riegel"},"content":{"rendered":"<h3>RAWBERRY CACAO<\/h3>\n<p>Diese Riegel ohne zus\u00e4tzlichen Zucker besteht aus einer einfachen Geschmackskombination aus ganzen Haseln\u00fcssen und Mandeln, gefrosteten Beeren, rohem Kakao-Pulver, rohen Kakao-St\u00fcckchen und wilden Himbeeren &#8211; eine sehr nahrhafte und s\u00e4ttigende gesunde Zwischenmahlzeit.<\/p>\n<p>Mit rohem Kakao bieten wir Ihnen die reinste und unschuldigste Form des Schokolade. Es ist f\u00fcr Kinder sicher. Rawberry Cacao ist mit seiner perfekten Kombination aus Superfood Heidelbeeren und Kakao unverzichtbar f\u00fcr Ihre Zwischenmahlzeiten.<\/p>\n<p>Die ges\u00fcndeste Form von Schokolade!q<\/p>\n<p>Rawberry Cacao hat nur 110 Kalorien.<\/p>\n","protected":false},"excerpt":{"rendered":"<p>Mit rohem Kakao bieten wir Ihnen die reinste und unschuldigste Form des Schokolade. Es ist f\u00fcr Kinder sicher.<\/p>\n","protected":false},"featured_media":12098,"comment_status":"closed","ping_status":"closed","template":"","meta":{"_joinchat":[]},"product_brand":[],"product_cat":[233,235,238],"product_tag":[242,240],"class_list":{"0":"post-12097","1":"product","2":"type-product","3":"status-publish","4":"has-post-thumbnail","6":"product_cat-gesunder-snack","7":"product_cat-nuss-und-fruchtriegel","8":"product_cat-vegan-schokolade","9":"product_tag-bestseller","10":"product_tag-klassiker","12":"first","13":"instock","14":"sale","15":"taxable","16":"shipping-taxable","17":"purchasable","18":"product-type-simple"},"_links":{"self":[{"href":"https:\/\/www.rawberrysnacks.com\/de\/wp-json\/wp\/v2\/product\/12097","targetHints":{"allow":["GET"]}}],"collection":[{"href":"https:\/\/www.rawberrysnacks.com\/de\/wp-json\/wp\/v2\/product"}],"about":[{"href":"https:\/\/www.rawberrysnacks.com\/de\/wp-json\/wp\/v2\/types\/product"}],"replies":[{"embeddable":true,"href":"https:\/\/www.rawberrysnacks.com\/de\/wp-json\/wp\/v2\/comments?post=12097"}],"version-history":[{"count":0,"href":"https:\/\/www.rawberrysnacks.com\/de\/wp-json\/wp\/v2\/product\/12097\/revisions"}],"wp:featuredmedia":[{"embeddable":true,"href":"https:\/\/www.rawberrysnacks.com\/de\/wp-json\/wp\/v2\/media\/12098"}],"wp:attachment":[{"href":"https:\/\/www.rawberrysnacks.com\/de\/wp-json\/wp\/v2\/media?parent=12097"}],"wp:term":[{"taxonomy":"product_brand","embeddable":true,"href":"https:\/\/www.rawberrysnacks.com\/de\/wp-json\/wp\/v2\/product_brand?post=12097"},{"taxonomy":"product_cat","embeddable":true,"href":"https:\/\/www.rawberrysnacks.com\/de\/wp-json\/wp\/v2\/product_cat?post=12097"},{"taxonomy":"product_tag","embeddable":true,"href":"https:\/\/www.rawberrysnacks.com\/de\/wp-json\/wp\/v2\/product_tag?post=12097"}],"curies":[{"name":"wp","href":"https:\/\/api.w.org\/{rel}","templated":true}]}}