{"id":12086,"date":"2022-06-19T08:30:14","date_gmt":"2022-06-19T08:30:14","guid":{"rendered":"https:\/\/www.rawberrysnacks.com\/urun\/rawberry-probiotik-tahini-walnuss-15-bar\/"},"modified":"2023-12-31T11:01:21","modified_gmt":"2023-12-31T11:01:21","slug":"rawberry-probiotik-tahini-walnuss-15","status":"publish","type":"product","link":"https:\/\/www.rawberrysnacks.com\/de\/urun\/rawberry-probiotik-tahini-walnuss-15\/","title":{"rendered":"Rawberry Probiotik &#8211; Tahini &amp; Walnuss 15 Riegel"},"content":{"rendered":"<h3>Probiotik &#8211; Tahin &amp; Walnuss<\/h3>\n<p>Probiotische, gesunde und leichte L\u00f6sungen f\u00fcr s\u00fc\u00dfe Krisen Rawberry Tahin &amp; Walnuss hat nur 114 Kalorien. Eines der \u00e4ltesten Kombinationen der Menschheitsgeschichte; das intensive Geschmacksgleichgewicht von Walnuss und Tahin.<br \/>\nDiese Mischung enth\u00e4lt auch das als nat\u00fcrlicher Leber-Schutz bekannte Sesam.<\/p>\n<ul>\n<li>Jeder Riegel enth\u00e4lt mehr als 940 Millionen Probiotika<\/li>\n<li>Es unterst\u00fctzt die Funktionen des Immunsystems<\/li>\n<\/ul>\n<p>Gesundheit war noch nie so lecker.<\/p>\n","protected":false},"excerpt":{"rendered":"<p>Probiotische, gesunde und leichte L\u00f6sungen f\u00fcr s\u00fc\u00dfe Krisen Rawberry Tahin &amp; Walnuss hat nur 114 Kalorien.<\/p>\n","protected":false},"featured_media":12087,"comment_status":"closed","ping_status":"closed","template":"","meta":{"_joinchat":[]},"product_brand":[],"product_cat":[233,237],"product_tag":[],"class_list":{"0":"post-12086","1":"product","2":"type-product","3":"status-publish","4":"has-post-thumbnail","6":"product_cat-gesunder-snack","7":"product_cat-probiotische-riegel","9":"first","10":"outofstock","11":"sale","12":"taxable","13":"shipping-taxable","14":"purchasable","15":"product-type-simple"},"_links":{"self":[{"href":"https:\/\/www.rawberrysnacks.com\/de\/wp-json\/wp\/v2\/product\/12086","targetHints":{"allow":["GET"]}}],"collection":[{"href":"https:\/\/www.rawberrysnacks.com\/de\/wp-json\/wp\/v2\/product"}],"about":[{"href":"https:\/\/www.rawberrysnacks.com\/de\/wp-json\/wp\/v2\/types\/product"}],"replies":[{"embeddable":true,"href":"https:\/\/www.rawberrysnacks.com\/de\/wp-json\/wp\/v2\/comments?post=12086"}],"version-history":[{"count":0,"href":"https:\/\/www.rawberrysnacks.com\/de\/wp-json\/wp\/v2\/product\/12086\/revisions"}],"wp:featuredmedia":[{"embeddable":true,"href":"https:\/\/www.rawberrysnacks.com\/de\/wp-json\/wp\/v2\/media\/12087"}],"wp:attachment":[{"href":"https:\/\/www.rawberrysnacks.com\/de\/wp-json\/wp\/v2\/media?parent=12086"}],"wp:term":[{"taxonomy":"product_brand","embeddable":true,"href":"https:\/\/www.rawberrysnacks.com\/de\/wp-json\/wp\/v2\/product_brand?post=12086"},{"taxonomy":"product_cat","embeddable":true,"href":"https:\/\/www.rawberrysnacks.com\/de\/wp-json\/wp\/v2\/product_cat?post=12086"},{"taxonomy":"product_tag","embeddable":true,"href":"https:\/\/www.rawberrysnacks.com\/de\/wp-json\/wp\/v2\/product_tag?post=12086"}],"curies":[{"name":"wp","href":"https:\/\/api.w.org\/{rel}","templated":true}]}}