{"id":12067,"date":"2022-06-19T12:49:00","date_gmt":"2022-06-19T12:49:00","guid":{"rendered":"https:\/\/www.rawberrysnacks.com\/urun\/rawberry-erdnuss-15-bar\/"},"modified":"2023-12-31T11:01:20","modified_gmt":"2023-12-31T11:01:20","slug":"rawberry-erdnuss-gesundheits-riegel-15","status":"publish","type":"product","link":"https:\/\/www.rawberrysnacks.com\/de\/urun\/rawberry-erdnuss-gesundheits-riegel-15\/","title":{"rendered":"Rawberry Erdnuss 15 Riegel"},"content":{"rendered":"<h3>RAWBERRY ERDNUSSRIEGEL<\/h3>\n<p>Unverzichtbar f\u00fcr Erdnuss-Liebhaber. Ein perfekter Erdnuss-Fest mit allen Erdnussst\u00fccken. Rawberry und Cranberry in der Kategorie Superfood<\/p>\n<p>&nbsp;<\/p>\n<p>Erdn\u00fcsse haben nur 123 Kalorien. Und auch eine hohe Ballaststoffquelle!<\/p>\n","protected":false},"excerpt":{"rendered":"<p>Unverzichtbar f\u00fcr Erdnuss-Liebhaber. Ein perfekter Erdnuss-Fest mit allen Erdnussst\u00fccken. Rawberry Erdn\u00fcsse und Cranberry in der Kategorie Superfood haben nur 123 Kalorien. Und auch eine hohe Ballaststoffquelle!<\/p>\n","protected":false},"featured_media":12068,"comment_status":"closed","ping_status":"closed","template":"","meta":{"_joinchat":[]},"product_brand":[],"product_cat":[233,235],"product_tag":[240],"class_list":{"0":"post-12067","1":"product","2":"type-product","3":"status-publish","4":"has-post-thumbnail","6":"product_cat-gesunder-snack","7":"product_cat-nuss-und-fruchtriegel","8":"product_tag-klassiker","10":"first","11":"instock","12":"sale","13":"taxable","14":"shipping-taxable","15":"purchasable","16":"product-type-simple"},"_links":{"self":[{"href":"https:\/\/www.rawberrysnacks.com\/de\/wp-json\/wp\/v2\/product\/12067","targetHints":{"allow":["GET"]}}],"collection":[{"href":"https:\/\/www.rawberrysnacks.com\/de\/wp-json\/wp\/v2\/product"}],"about":[{"href":"https:\/\/www.rawberrysnacks.com\/de\/wp-json\/wp\/v2\/types\/product"}],"replies":[{"embeddable":true,"href":"https:\/\/www.rawberrysnacks.com\/de\/wp-json\/wp\/v2\/comments?post=12067"}],"version-history":[{"count":0,"href":"https:\/\/www.rawberrysnacks.com\/de\/wp-json\/wp\/v2\/product\/12067\/revisions"}],"wp:featuredmedia":[{"embeddable":true,"href":"https:\/\/www.rawberrysnacks.com\/de\/wp-json\/wp\/v2\/media\/12068"}],"wp:attachment":[{"href":"https:\/\/www.rawberrysnacks.com\/de\/wp-json\/wp\/v2\/media?parent=12067"}],"wp:term":[{"taxonomy":"product_brand","embeddable":true,"href":"https:\/\/www.rawberrysnacks.com\/de\/wp-json\/wp\/v2\/product_brand?post=12067"},{"taxonomy":"product_cat","embeddable":true,"href":"https:\/\/www.rawberrysnacks.com\/de\/wp-json\/wp\/v2\/product_cat?post=12067"},{"taxonomy":"product_tag","embeddable":true,"href":"https:\/\/www.rawberrysnacks.com\/de\/wp-json\/wp\/v2\/product_tag?post=12067"}],"curies":[{"name":"wp","href":"https:\/\/api.w.org\/{rel}","templated":true}]}}