{"id":12058,"date":"2022-06-19T13:58:09","date_gmt":"2022-06-19T13:58:09","guid":{"rendered":"https:\/\/www.rawberrysnacks.com\/urun\/rawberry-kinder-knusprige-papaya-15-bar\/"},"modified":"2023-12-31T11:01:17","modified_gmt":"2023-12-31T11:01:17","slug":"rawberry-knusprige-papaya-kinder-riegel-15","status":"publish","type":"product","link":"https:\/\/www.rawberrysnacks.com\/de\/urun\/rawberry-knusprige-papaya-kinder-riegel-15\/","title":{"rendered":"Rawberry Kinder &#8211; Knusprige Papaya 15 Riegel"},"content":{"rendered":"<h3>RAWBERRY \u2013 KNUSPRIGE BANANE<\/h3>\n<p>Mit 25% knusprigen Papayast\u00fccken ist es das neue Lieblingsessen f\u00fcr Kinder und gro\u00dfe Kinder. Nur 85 Kalorien und 24g.<\/p>\n<p>Wer mag Papaya nicht? Papaya enth\u00e4lt Aminos\u00e4uren, Tryptophan und Vitamin B6 und ist deshalb die einzige Frucht, die bei der Produktion von Serotonin im K\u00f6rper hilft. Also, wenn du dich schlecht f\u00fchlst, vergiss nicht, eine Papaya zu essen!<br \/>\nRawberry Crispy Banana mit knackigen Papayast\u00fcckchen ist das Lieblingsessen der Kinder und ein Favorit f\u00fcr alle!<\/p>\n<p>Mit seinem sehr einfachen Inhalt kannst du Rawberry \u2013 Knusprige Papaya mit gutem Gewissen essen und f\u00fcttern.<\/p>\n","protected":false},"excerpt":{"rendered":"<p>Mit 25% knusprigen Papayast\u00fccken ist es das neue Lieblingsessen f\u00fcr Kinder und gro\u00dfe Kinder. Nur 85 Kalorien und 24g.<\/p>\n","protected":false},"featured_media":12059,"comment_status":"closed","ping_status":"closed","template":"","meta":{"_joinchat":[]},"product_brand":[],"product_cat":[246],"product_tag":[],"class_list":{"0":"post-12058","1":"product","2":"type-product","3":"status-publish","4":"has-post-thumbnail","6":"product_cat-kinder","8":"first","9":"instock","10":"sale","11":"taxable","12":"shipping-taxable","13":"purchasable","14":"product-type-simple"},"_links":{"self":[{"href":"https:\/\/www.rawberrysnacks.com\/de\/wp-json\/wp\/v2\/product\/12058","targetHints":{"allow":["GET"]}}],"collection":[{"href":"https:\/\/www.rawberrysnacks.com\/de\/wp-json\/wp\/v2\/product"}],"about":[{"href":"https:\/\/www.rawberrysnacks.com\/de\/wp-json\/wp\/v2\/types\/product"}],"replies":[{"embeddable":true,"href":"https:\/\/www.rawberrysnacks.com\/de\/wp-json\/wp\/v2\/comments?post=12058"}],"version-history":[{"count":0,"href":"https:\/\/www.rawberrysnacks.com\/de\/wp-json\/wp\/v2\/product\/12058\/revisions"}],"wp:featuredmedia":[{"embeddable":true,"href":"https:\/\/www.rawberrysnacks.com\/de\/wp-json\/wp\/v2\/media\/12059"}],"wp:attachment":[{"href":"https:\/\/www.rawberrysnacks.com\/de\/wp-json\/wp\/v2\/media?parent=12058"}],"wp:term":[{"taxonomy":"product_brand","embeddable":true,"href":"https:\/\/www.rawberrysnacks.com\/de\/wp-json\/wp\/v2\/product_brand?post=12058"},{"taxonomy":"product_cat","embeddable":true,"href":"https:\/\/www.rawberrysnacks.com\/de\/wp-json\/wp\/v2\/product_cat?post=12058"},{"taxonomy":"product_tag","embeddable":true,"href":"https:\/\/www.rawberrysnacks.com\/de\/wp-json\/wp\/v2\/product_tag?post=12058"}],"curies":[{"name":"wp","href":"https:\/\/api.w.org\/{rel}","templated":true}]}}