{"id":12049,"date":"2022-06-19T14:05:39","date_gmt":"2022-06-19T14:05:39","guid":{"rendered":"https:\/\/www.rawberrysnacks.com\/urun\/rawberry-kinder-wildbeere-15-bar\/"},"modified":"2023-12-31T10:59:30","modified_gmt":"2023-12-31T10:59:30","slug":"rawberry-wildbeere-kind-riegel-15er-pack","status":"publish","type":"product","link":"https:\/\/www.rawberrysnacks.com\/de\/urun\/rawberry-wildbeere-kind-riegel-15er-pack\/","title":{"rendered":"Rawberry Kinder &#8211; Wildbeere 15 Riegel"},"content":{"rendered":"<h3>RAWBERRY KINDER \u2013 WILDBEEREN %35<\/h3>\n<p>Eine gesunde Geschmackserfahrung f\u00fcr Kinder mit Wildbeeren. Ohne zus\u00e4tzliche Aromen, ohne zus\u00e4tzlichen Zucker, glutenfrei, vegan, ohne Zus\u00e4tze, ohne Konservierungsstoffe. Sie k\u00f6nnen es mit Ruhe im Herzen essen und f\u00fcttern. Nur 57 Kalorien und 24 g.<\/p>\n<p>Wildbeeren, die sehr kalorienarm sind, werden von Ern\u00e4hrungsexperten als &#8222;Superfood&#8220; bezeichnet und auch Kinder empfohlen. Diese Superfoods unterst\u00fctzen nicht nur die kognitiven Funktionen unserer Kinder, sondern st\u00e4rken auch das Ged\u00e4chtnis.<\/p>\n<p>Auch gro\u00dfe Kinder k\u00f6nnen es essen \ud83d\ude42<\/p>\n","protected":false},"excerpt":{"rendered":"<p>Eine gesunde Geschmackserfahrung f\u00fcr Kinder mit Wildbeeren. Ohne zus\u00e4tzliche Aromen, ohne zus\u00e4tzlichen Zucker, glutenfrei, ohne Zus\u00e4tze, ohne Konservierungsstoffe.<\/p>\n","protected":false},"featured_media":12050,"comment_status":"closed","ping_status":"closed","template":"","meta":{"_joinchat":[]},"product_brand":[],"product_cat":[246],"product_tag":[],"class_list":{"0":"post-12049","1":"product","2":"type-product","3":"status-publish","4":"has-post-thumbnail","6":"product_cat-kinder","8":"first","9":"instock","10":"sale","11":"taxable","12":"shipping-taxable","13":"purchasable","14":"product-type-simple"},"_links":{"self":[{"href":"https:\/\/www.rawberrysnacks.com\/de\/wp-json\/wp\/v2\/product\/12049","targetHints":{"allow":["GET"]}}],"collection":[{"href":"https:\/\/www.rawberrysnacks.com\/de\/wp-json\/wp\/v2\/product"}],"about":[{"href":"https:\/\/www.rawberrysnacks.com\/de\/wp-json\/wp\/v2\/types\/product"}],"replies":[{"embeddable":true,"href":"https:\/\/www.rawberrysnacks.com\/de\/wp-json\/wp\/v2\/comments?post=12049"}],"version-history":[{"count":0,"href":"https:\/\/www.rawberrysnacks.com\/de\/wp-json\/wp\/v2\/product\/12049\/revisions"}],"wp:featuredmedia":[{"embeddable":true,"href":"https:\/\/www.rawberrysnacks.com\/de\/wp-json\/wp\/v2\/media\/12050"}],"wp:attachment":[{"href":"https:\/\/www.rawberrysnacks.com\/de\/wp-json\/wp\/v2\/media?parent=12049"}],"wp:term":[{"taxonomy":"product_brand","embeddable":true,"href":"https:\/\/www.rawberrysnacks.com\/de\/wp-json\/wp\/v2\/product_brand?post=12049"},{"taxonomy":"product_cat","embeddable":true,"href":"https:\/\/www.rawberrysnacks.com\/de\/wp-json\/wp\/v2\/product_cat?post=12049"},{"taxonomy":"product_tag","embeddable":true,"href":"https:\/\/www.rawberrysnacks.com\/de\/wp-json\/wp\/v2\/product_tag?post=12049"}],"curies":[{"name":"wp","href":"https:\/\/api.w.org\/{rel}","templated":true}]}}