{"id":12040,"date":"2022-06-19T16:28:10","date_gmt":"2022-06-19T16:28:10","guid":{"rendered":"https:\/\/www.rawberrysnacks.com\/urun\/rawberry-hoher-protein-erdnuss-schoko-15-riegel\/"},"modified":"2023-12-31T10:59:52","modified_gmt":"2023-12-31T10:59:52","slug":"rawberry-protein-erdnusse-schoko-15-pack","status":"publish","type":"product","link":"https:\/\/www.rawberrysnacks.com\/de\/urun\/rawberry-protein-erdnusse-schoko-15-pack\/","title":{"rendered":"Rawberry Hoher Protein \u2013 Erdnuss &amp; Schoko 15 Riegel"},"content":{"rendered":"<h3>%25 PROTEIN \u2013 ERDNUSS &amp; KAKAO HOHER PROTEIN VEGAN Riegel<\/h3>\n<p>Wie kann ein Produkt mit so hohem Proteinanteil so lecker sein? Erreichen Sie die ben\u00f6tigte Energie mit pflanzlichem Protein. Es hilft, Ihren t\u00e4glichen Proteinbedarf zu decken. Dar\u00fcber hinaus nur 119 Kalorien und international zertifiziert mit dem V-Label vegan.<\/p>\n<p>Wo beziehst du dein Protein? Pflanzen k\u00f6nnen alle ben\u00f6tigten Proteine \u200b\u200bauf gewaltfreie Weise bereitstellen.<\/p>\n<p>Gesundheit war noch nie so lecker.<\/p>\n","protected":false},"excerpt":{"rendered":"<p>Wie kann ein Produkt mit so hohem Proteinanteil so lecker sein? Erreichen Sie die ben\u00f6tigte Energie mit pflanzlichem Protein.<\/p>\n","protected":false},"featured_media":12041,"comment_status":"closed","ping_status":"closed","template":"","meta":{"_joinchat":[]},"product_brand":[],"product_cat":[233,231],"product_tag":[242],"class_list":{"0":"post-12040","1":"product","2":"type-product","3":"status-publish","4":"has-post-thumbnail","6":"product_cat-gesunder-snack","7":"product_cat-proteinriegel-de","8":"product_tag-bestseller","10":"first","11":"instock","12":"sale","13":"taxable","14":"shipping-taxable","15":"purchasable","16":"product-type-simple"},"_links":{"self":[{"href":"https:\/\/www.rawberrysnacks.com\/de\/wp-json\/wp\/v2\/product\/12040","targetHints":{"allow":["GET"]}}],"collection":[{"href":"https:\/\/www.rawberrysnacks.com\/de\/wp-json\/wp\/v2\/product"}],"about":[{"href":"https:\/\/www.rawberrysnacks.com\/de\/wp-json\/wp\/v2\/types\/product"}],"replies":[{"embeddable":true,"href":"https:\/\/www.rawberrysnacks.com\/de\/wp-json\/wp\/v2\/comments?post=12040"}],"version-history":[{"count":0,"href":"https:\/\/www.rawberrysnacks.com\/de\/wp-json\/wp\/v2\/product\/12040\/revisions"}],"wp:featuredmedia":[{"embeddable":true,"href":"https:\/\/www.rawberrysnacks.com\/de\/wp-json\/wp\/v2\/media\/12041"}],"wp:attachment":[{"href":"https:\/\/www.rawberrysnacks.com\/de\/wp-json\/wp\/v2\/media?parent=12040"}],"wp:term":[{"taxonomy":"product_brand","embeddable":true,"href":"https:\/\/www.rawberrysnacks.com\/de\/wp-json\/wp\/v2\/product_brand?post=12040"},{"taxonomy":"product_cat","embeddable":true,"href":"https:\/\/www.rawberrysnacks.com\/de\/wp-json\/wp\/v2\/product_cat?post=12040"},{"taxonomy":"product_tag","embeddable":true,"href":"https:\/\/www.rawberrysnacks.com\/de\/wp-json\/wp\/v2\/product_tag?post=12040"}],"curies":[{"name":"wp","href":"https:\/\/api.w.org\/{rel}","templated":true}]}}