{"id":12013,"date":"2022-06-19T17:33:11","date_gmt":"2022-06-19T17:33:11","guid":{"rendered":"https:\/\/www.rawberrysnacks.com\/urun\/rawberry-goji-beere-15-bars\/"},"modified":"2023-12-31T10:59:25","modified_gmt":"2023-12-31T10:59:25","slug":"rawberry-goji-beere-gesundheits-riegel-15-stuck","status":"publish","type":"product","link":"https:\/\/www.rawberrysnacks.com\/de\/urun\/rawberry-goji-beere-gesundheits-riegel-15-stuck\/","title":{"rendered":"Rawberry Goji Beere 15 Riegel"},"content":{"rendered":"<h3>RAWBERRY GOJI-BEERE<\/h3>\n<p>Die Gl\u00fccksfrucht der Himalaya, Superfood und gleichzeitig das Elixier der Jugend. Etwas s\u00fc\u00df, etwas sauer. Genau im richtigen Verh\u00e4ltnis.<\/p>\n<p>Reich an Ballaststoffen.<\/p>\n<p>Rawberry Gojiberry hat nur 109 Kalorien.<\/p>\n<p>BALLASTSTOFFE, BALLASTSTOFFE, BALLASTSTOFFE<br \/>\nEs unterst\u00fctzt die nat\u00fcrlichen Funktionen des Verdauungssystems und der Flora.<\/p>\n<p>Rawberry enth\u00e4lt kein Gluten, Milch oder Soja. Es enth\u00e4lt keinen zugesetzten Zucker.<\/p>\n","protected":false},"excerpt":{"rendered":"<p>Die Gl\u00fccksfrucht der Himalaya, Superfood und gleichzeitig das Elixier der Jugend. Etwas s\u00fc\u00df, etwas sauer. Genau im richtigen Verh\u00e4ltnis.<\/p>\n<p>&nbsp;<\/p>\n","protected":false},"featured_media":12014,"comment_status":"closed","ping_status":"closed","template":"","meta":{"_joinchat":[]},"product_brand":[],"product_cat":[236,233],"product_tag":[241],"class_list":{"0":"post-12013","1":"product","2":"type-product","3":"status-publish","4":"has-post-thumbnail","6":"product_cat-fruchtriegel","7":"product_cat-gesunder-snack","8":"product_tag-neues-produkt","10":"first","11":"instock","12":"sale","13":"taxable","14":"shipping-taxable","15":"purchasable","16":"product-type-simple"},"_links":{"self":[{"href":"https:\/\/www.rawberrysnacks.com\/de\/wp-json\/wp\/v2\/product\/12013","targetHints":{"allow":["GET"]}}],"collection":[{"href":"https:\/\/www.rawberrysnacks.com\/de\/wp-json\/wp\/v2\/product"}],"about":[{"href":"https:\/\/www.rawberrysnacks.com\/de\/wp-json\/wp\/v2\/types\/product"}],"replies":[{"embeddable":true,"href":"https:\/\/www.rawberrysnacks.com\/de\/wp-json\/wp\/v2\/comments?post=12013"}],"version-history":[{"count":0,"href":"https:\/\/www.rawberrysnacks.com\/de\/wp-json\/wp\/v2\/product\/12013\/revisions"}],"wp:featuredmedia":[{"embeddable":true,"href":"https:\/\/www.rawberrysnacks.com\/de\/wp-json\/wp\/v2\/media\/12014"}],"wp:attachment":[{"href":"https:\/\/www.rawberrysnacks.com\/de\/wp-json\/wp\/v2\/media?parent=12013"}],"wp:term":[{"taxonomy":"product_brand","embeddable":true,"href":"https:\/\/www.rawberrysnacks.com\/de\/wp-json\/wp\/v2\/product_brand?post=12013"},{"taxonomy":"product_cat","embeddable":true,"href":"https:\/\/www.rawberrysnacks.com\/de\/wp-json\/wp\/v2\/product_cat?post=12013"},{"taxonomy":"product_tag","embeddable":true,"href":"https:\/\/www.rawberrysnacks.com\/de\/wp-json\/wp\/v2\/product_tag?post=12013"}],"curies":[{"name":"wp","href":"https:\/\/api.w.org\/{rel}","templated":true}]}}