{"id":12004,"date":"2022-06-19T18:48:05","date_gmt":"2022-06-19T18:48:05","guid":{"rendered":"https:\/\/www.rawberrysnacks.com\/urun\/rawberry-pistazie-15-bars\/"},"modified":"2023-04-01T08:52:08","modified_gmt":"2023-04-01T08:52:08","slug":"rawberry-pistazie-15-teilig","status":"publish","type":"product","link":"https:\/\/www.rawberrysnacks.com\/de\/urun\/rawberry-pistazie-15-teilig\/","title":{"rendered":"Rawberry Pistazie 15 Riegel"},"content":{"rendered":"<h3>RAWBERRY PISTAZIE %30 PISTAZIEN<\/h3>\n<p>Dieser Geschmack ist f\u00fcr alle, die Pistazien lieben, mit 55% N\u00fcssen und Superfoods. Sie werden satt von Pistazien sein. Sie werden abh\u00e4ngig sein. Der Geschmack ist unglaublich.<\/p>\n<p>&nbsp;<\/p>\n<p>Rawberry Pistazie hat nur 116 Kalorien.<\/p>\n","protected":false},"excerpt":{"rendered":"<p>Dieser Geschmack ist f\u00fcr alle, die Pistazien lieben, mit 55% N\u00fcssen und Superfoods. Mit 30% Pistazien im Inneren werden Sie von dem brillanten gr\u00fcnen Pistazien satt werden.<\/p>\n","protected":false},"featured_media":12005,"comment_status":"closed","ping_status":"closed","template":"","meta":{"_joinchat":[]},"product_brand":[],"product_cat":[233,235],"product_tag":[240],"class_list":{"0":"post-12004","1":"product","2":"type-product","3":"status-publish","4":"has-post-thumbnail","6":"product_cat-gesunder-snack","7":"product_cat-nuss-und-fruchtriegel","8":"product_tag-klassiker","10":"first","11":"outofstock","12":"taxable","13":"shipping-taxable","14":"purchasable","15":"product-type-simple"},"_links":{"self":[{"href":"https:\/\/www.rawberrysnacks.com\/de\/wp-json\/wp\/v2\/product\/12004","targetHints":{"allow":["GET"]}}],"collection":[{"href":"https:\/\/www.rawberrysnacks.com\/de\/wp-json\/wp\/v2\/product"}],"about":[{"href":"https:\/\/www.rawberrysnacks.com\/de\/wp-json\/wp\/v2\/types\/product"}],"replies":[{"embeddable":true,"href":"https:\/\/www.rawberrysnacks.com\/de\/wp-json\/wp\/v2\/comments?post=12004"}],"version-history":[{"count":0,"href":"https:\/\/www.rawberrysnacks.com\/de\/wp-json\/wp\/v2\/product\/12004\/revisions"}],"wp:featuredmedia":[{"embeddable":true,"href":"https:\/\/www.rawberrysnacks.com\/de\/wp-json\/wp\/v2\/media\/12005"}],"wp:attachment":[{"href":"https:\/\/www.rawberrysnacks.com\/de\/wp-json\/wp\/v2\/media?parent=12004"}],"wp:term":[{"taxonomy":"product_brand","embeddable":true,"href":"https:\/\/www.rawberrysnacks.com\/de\/wp-json\/wp\/v2\/product_brand?post=12004"},{"taxonomy":"product_cat","embeddable":true,"href":"https:\/\/www.rawberrysnacks.com\/de\/wp-json\/wp\/v2\/product_cat?post=12004"},{"taxonomy":"product_tag","embeddable":true,"href":"https:\/\/www.rawberrysnacks.com\/de\/wp-json\/wp\/v2\/product_tag?post=12004"}],"curies":[{"name":"wp","href":"https:\/\/api.w.org\/{rel}","templated":true}]}}