{"id":11993,"date":"2022-06-19T18:59:28","date_gmt":"2022-06-19T18:59:28","guid":{"rendered":"https:\/\/www.rawberrysnacks.com\/urun\/rawberry-beeren-fruchtkugeln-protein-baelle-6-packungen\/"},"modified":"2023-12-31T10:57:26","modified_gmt":"2023-12-31T10:57:26","slug":"rawberry-beeren-fruchtkugeln-protein-balle-6-packungen","status":"publish","type":"product","link":"https:\/\/www.rawberrysnacks.com\/de\/urun\/rawberry-beeren-fruchtkugeln-protein-balle-6-packungen\/","title":{"rendered":"Rawberry Beeren Fruchtkugeln Protein B\u00e4lle (6 Packungen)"},"content":{"rendered":"<h3>HOHE PROTEIN-B\u00c4LLE &#8211; NUSS GEF\u00dcLLT <\/h3>\n<p>Enth\u00e4lt starke Antioxidantien (Superfoods) und hohe Ballaststoffe.<\/p>\n<p>Eine andere Esserfahrung als Alternative zu Protein-Riegel.<\/p>\n<p>Rawberry beinhaltet kein Gluten, Milch, Soja, Zusatzstoffe, Konservierungsmittel und zugesetzten Zucker.<\/p>\n<ul>\n<li>Rawberry Beeren Fruchtkugeln \u2013 Nuss gef\u00fcllte Protein-Kugel, ohne zugesetzten Zucker, gesundes Snack, 90gr x 6 Packungen<\/li>\n<\/ul>\n","protected":false},"excerpt":{"rendered":"<p>Eine andere Esserfahrung als Alternative zu Protein-Riegel.<\/p>\n","protected":false},"featured_media":11966,"comment_status":"closed","ping_status":"closed","template":"","meta":{"_joinchat":[]},"product_brand":[],"product_cat":[245,233,231],"product_tag":[],"class_list":{"0":"post-11993","1":"product","2":"type-product","3":"status-publish","4":"has-post-thumbnail","6":"product_cat-beeren-fruchtkugeln","7":"product_cat-gesunder-snack","8":"product_cat-proteinriegel-de","10":"first","11":"instock","12":"taxable","13":"shipping-taxable","14":"purchasable","15":"product-type-simple"},"_links":{"self":[{"href":"https:\/\/www.rawberrysnacks.com\/de\/wp-json\/wp\/v2\/product\/11993","targetHints":{"allow":["GET"]}}],"collection":[{"href":"https:\/\/www.rawberrysnacks.com\/de\/wp-json\/wp\/v2\/product"}],"about":[{"href":"https:\/\/www.rawberrysnacks.com\/de\/wp-json\/wp\/v2\/types\/product"}],"replies":[{"embeddable":true,"href":"https:\/\/www.rawberrysnacks.com\/de\/wp-json\/wp\/v2\/comments?post=11993"}],"version-history":[{"count":0,"href":"https:\/\/www.rawberrysnacks.com\/de\/wp-json\/wp\/v2\/product\/11993\/revisions"}],"wp:featuredmedia":[{"embeddable":true,"href":"https:\/\/www.rawberrysnacks.com\/de\/wp-json\/wp\/v2\/media\/11966"}],"wp:attachment":[{"href":"https:\/\/www.rawberrysnacks.com\/de\/wp-json\/wp\/v2\/media?parent=11993"}],"wp:term":[{"taxonomy":"product_brand","embeddable":true,"href":"https:\/\/www.rawberrysnacks.com\/de\/wp-json\/wp\/v2\/product_brand?post=11993"},{"taxonomy":"product_cat","embeddable":true,"href":"https:\/\/www.rawberrysnacks.com\/de\/wp-json\/wp\/v2\/product_cat?post=11993"},{"taxonomy":"product_tag","embeddable":true,"href":"https:\/\/www.rawberrysnacks.com\/de\/wp-json\/wp\/v2\/product_tag?post=11993"}],"curies":[{"name":"wp","href":"https:\/\/api.w.org\/{rel}","templated":true}]}}