{"id":11985,"date":"2022-06-19T20:50:25","date_gmt":"2022-06-19T20:50:25","guid":{"rendered":"https:\/\/www.rawberrysnacks.com\/urun\/rawberry-beeren-fruchtkugeln-erdbeere-und-kirsche-gefuellte-fruechte-baelle-6-stueck\/"},"modified":"2023-12-31T10:57:25","modified_gmt":"2023-12-31T10:57:25","slug":"rawberry-beeren-fruchtkugeln-erdbeere-und-kirsche-gefullte-fruchte-balle-6-stuck","status":"publish","type":"product","link":"https:\/\/www.rawberrysnacks.com\/de\/urun\/rawberry-beeren-fruchtkugeln-erdbeere-und-kirsche-gefullte-fruchte-balle-6-stuck\/","title":{"rendered":"Rawberry Beeren Fruchtkugeln Erdbeere und Kirsche gef\u00fcllte Fr\u00fcchte-B\u00e4lle (6 St\u00fcck)"},"content":{"rendered":"<h3>LECKER UND GESUND<\/h3>\n<p>&nbsp;<\/p>\n<p>Wir haben vertraute Geschm\u00e4cker zusammengefasst und sie noch schmackhafter gemacht, f\u00fcr Sie.<\/p>\n<p>Ein leckerer Snack, der aus echten Fr\u00fcchten hergestellt wurde. Hochquell an Ballaststoffen, zuckerfrei, vegan, glutenfrei, ohne Zusatzstoffe und Konservierungsstoffe, Erdbeere und Kirsche gef\u00fcllte Fr\u00fcchte-B\u00e4lle.<\/p>\n","protected":false},"excerpt":{"rendered":"<p>Wir haben vertraute Geschm\u00e4cker zusammengefasst und sie noch schmackhafter gemacht, f\u00fcr Sie.<\/p>\n","protected":false},"featured_media":11965,"comment_status":"closed","ping_status":"closed","template":"","meta":{"_joinchat":[]},"product_brand":[],"product_cat":[245,233],"product_tag":[],"class_list":{"0":"post-11985","1":"product","2":"type-product","3":"status-publish","4":"has-post-thumbnail","6":"product_cat-beeren-fruchtkugeln","7":"product_cat-gesunder-snack","9":"first","10":"instock","11":"sale","12":"taxable","13":"shipping-taxable","14":"purchasable","15":"product-type-simple"},"_links":{"self":[{"href":"https:\/\/www.rawberrysnacks.com\/de\/wp-json\/wp\/v2\/product\/11985","targetHints":{"allow":["GET"]}}],"collection":[{"href":"https:\/\/www.rawberrysnacks.com\/de\/wp-json\/wp\/v2\/product"}],"about":[{"href":"https:\/\/www.rawberrysnacks.com\/de\/wp-json\/wp\/v2\/types\/product"}],"replies":[{"embeddable":true,"href":"https:\/\/www.rawberrysnacks.com\/de\/wp-json\/wp\/v2\/comments?post=11985"}],"version-history":[{"count":0,"href":"https:\/\/www.rawberrysnacks.com\/de\/wp-json\/wp\/v2\/product\/11985\/revisions"}],"wp:featuredmedia":[{"embeddable":true,"href":"https:\/\/www.rawberrysnacks.com\/de\/wp-json\/wp\/v2\/media\/11965"}],"wp:attachment":[{"href":"https:\/\/www.rawberrysnacks.com\/de\/wp-json\/wp\/v2\/media?parent=11985"}],"wp:term":[{"taxonomy":"product_brand","embeddable":true,"href":"https:\/\/www.rawberrysnacks.com\/de\/wp-json\/wp\/v2\/product_brand?post=11985"},{"taxonomy":"product_cat","embeddable":true,"href":"https:\/\/www.rawberrysnacks.com\/de\/wp-json\/wp\/v2\/product_cat?post=11985"},{"taxonomy":"product_tag","embeddable":true,"href":"https:\/\/www.rawberrysnacks.com\/de\/wp-json\/wp\/v2\/product_tag?post=11985"}],"curies":[{"name":"wp","href":"https:\/\/api.w.org\/{rel}","templated":true}]}}