{"id":11959,"date":"2022-06-20T16:34:18","date_gmt":"2022-06-20T16:34:18","guid":{"rendered":"https:\/\/www.rawberrysnacks.com\/urun\/rawberry-gemischte-probepackung-10-riegel-und-2-packungen-gefuellte-fruechte-und-proteinbaelle\/"},"modified":"2023-12-31T10:57:23","modified_gmt":"2023-12-31T10:57:23","slug":"rawberry-gemischte-probepackung-12-adet","status":"publish","type":"product","link":"https:\/\/www.rawberrysnacks.com\/de\/urun\/rawberry-gemischte-probepackung-12-adet\/","title":{"rendered":"Rawberry Gemischte Probepackung (10 Riegel und 2 Packungen gef\u00fcllte Fr\u00fcchte und Proteinb\u00e4lle)"},"content":{"rendered":"<h3>RAWBERRY Gemischte Probepackung<\/h3>\n<ul>\n<li>1 Packung Nuss gef\u00fcllte PROTEIN-KUGEL \u2013 90 gr<\/li>\n<li>1 Packung Erdbeere und Kirsche gef\u00fcllter FRUIT-BALL \u2013 90 gr<\/li>\n<li>1 St\u00fcck Waldfr\u00fcchte-Riegel \u2013 24 gr<\/li>\n<li>1 St\u00fcck Bananen-Riegel \u2013 24 gr<\/li>\n<li>1 St\u00fcck Goji-Beere-Riegel \u2013 33 gr<\/li>\n<li>1 St\u00fcck Schokoladen-Riegel \u2013 33 gr<\/li>\n<li>1 St\u00fcck Blaubeeren-Riegel \u2013 33 gr<\/li>\n<li>1 St\u00fcck Nuss-Bar \u2013 33 gr<\/li>\n<li>1 St\u00fcck Kirsch-Schokoladen-Riegel \u2013 33 gr<\/li>\n<li>1 St\u00fcck Protein-Riegel \u2013 33 gr<\/li>\n<li>1 St\u00fcck Probiotischer Tahin-Walnuss-Riegel \u2013 33 gr<\/li>\n<li>1 St\u00fcck Probiotischer Apfel-Zimt-Riegel \u2013 33 gr<\/li>\n<\/ul>\n","protected":false},"excerpt":{"rendered":"<div class=\"bg-layout-2\">\n<div class=\"row\">\n<div class=\"col-xl-12 col-lg-12 col-md-12 col-sm-12 main-sidebar\">\n<div id=\"product-7138\" class=\"product type-product post-7138 status-publish first instock product_cat-rawberry product_cat-saglikli-atistirmaliklar product_cat-tanisma-paketleri has-post-thumbnail sale taxable shipping-taxable purchasable product-type-simple\">\n<div class=\"product-tab\">\n<div class=\"woocommerce-tabs wc-tabs-wrapper\">\n<div class=\"tab-content\">\n<div id=\"tab-description\" class=\"panel entry-content wc-tab\">\n<p>Enth\u00e4lt starke Antioxidantien (Superfoods) und hohe Ballaststoffe. Rawberry beinhaltet kein Gluten, Milch, Soja, Zusatzstoffe, Konservierungsmittel und zugesetzten Zucker.<\/p>\n<\/div>\n<\/div>\n<\/div>\n<\/div>\n<\/div>\n<\/div>\n<\/div>\n<\/div>\n","protected":false},"featured_media":11960,"comment_status":"closed","ping_status":"closed","template":"","meta":{"_joinchat":[]},"product_brand":[],"product_cat":[245,233,239],"product_tag":[],"class_list":{"0":"post-11959","1":"product","2":"type-product","3":"status-publish","4":"has-post-thumbnail","6":"product_cat-beeren-fruchtkugeln","7":"product_cat-gesunder-snack","8":"product_cat-kennenlern-sets","10":"first","11":"outofstock","12":"sale","13":"taxable","14":"shipping-taxable","15":"purchasable","16":"product-type-simple"},"_links":{"self":[{"href":"https:\/\/www.rawberrysnacks.com\/de\/wp-json\/wp\/v2\/product\/11959","targetHints":{"allow":["GET"]}}],"collection":[{"href":"https:\/\/www.rawberrysnacks.com\/de\/wp-json\/wp\/v2\/product"}],"about":[{"href":"https:\/\/www.rawberrysnacks.com\/de\/wp-json\/wp\/v2\/types\/product"}],"replies":[{"embeddable":true,"href":"https:\/\/www.rawberrysnacks.com\/de\/wp-json\/wp\/v2\/comments?post=11959"}],"version-history":[{"count":0,"href":"https:\/\/www.rawberrysnacks.com\/de\/wp-json\/wp\/v2\/product\/11959\/revisions"}],"wp:featuredmedia":[{"embeddable":true,"href":"https:\/\/www.rawberrysnacks.com\/de\/wp-json\/wp\/v2\/media\/11960"}],"wp:attachment":[{"href":"https:\/\/www.rawberrysnacks.com\/de\/wp-json\/wp\/v2\/media?parent=11959"}],"wp:term":[{"taxonomy":"product_brand","embeddable":true,"href":"https:\/\/www.rawberrysnacks.com\/de\/wp-json\/wp\/v2\/product_brand?post=11959"},{"taxonomy":"product_cat","embeddable":true,"href":"https:\/\/www.rawberrysnacks.com\/de\/wp-json\/wp\/v2\/product_cat?post=11959"},{"taxonomy":"product_tag","embeddable":true,"href":"https:\/\/www.rawberrysnacks.com\/de\/wp-json\/wp\/v2\/product_tag?post=11959"}],"curies":[{"name":"wp","href":"https:\/\/api.w.org\/{rel}","templated":true}]}}