{"id":11949,"date":"2022-06-20T16:49:22","date_gmt":"2022-06-20T16:49:22","guid":{"rendered":"https:\/\/www.rawberrysnacks.com\/urun\/rawberry-beeren-fruchtkugeln-gemischte-probepackung-6-paket\/"},"modified":"2023-04-05T14:31:08","modified_gmt":"2023-04-05T14:31:08","slug":"rawberry-beeren-fruchtkugeln-gemischte-probepackung-6-paket","status":"publish","type":"product","link":"https:\/\/www.rawberrysnacks.com\/de\/urun\/rawberry-beeren-fruchtkugeln-gemischte-probepackung-6-paket\/","title":{"rendered":"Rawberry Beeren Fruchtkugeln Gemischte Probepackung (6 Packungen)"},"content":{"rendered":"<h3>RAWBERRY BEEREN FRUCHTKUGELN PAKET F\u00dcR GRUPPENTREFFEN<\/h3>\n<p>3 Pakete Erdn\u00fcsse gef\u00fcllter PROTEINKUGELN<\/p>\n<p>3 Pakete von Erdbeere und Maulbeere gef\u00fcllter FRUCHTKUGELN<\/p>\n<p>In der leicht wiederverschlie\u00dfbaren Verpackung bleibt Frische lange erhalten!<\/p>\n","protected":false},"excerpt":{"rendered":"<div class=\"bg-layout-2\">\n<div class=\"row\">\n<div class=\"col-xl-12 col-lg-12 col-md-12 col-sm-12 main-sidebar\">\n<div id=\"product-7138\" class=\"product type-product post-7138 status-publish first instock product_cat-rawberry product_cat-saglikli-atistirmaliklar product_cat-tanisma-paketleri has-post-thumbnail sale taxable shipping-taxable purchasable product-type-simple\">\n<div class=\"product-tab\">\n<div class=\"woocommerce-tabs wc-tabs-wrapper\">\n<div class=\"tab-content\">\n<div id=\"tab-description\" class=\"panel entry-content wc-tab\">\n<p>3 Pakete Haselnuss gef\u00fcllter PROTEINBALL, 3 Pakete von Erdbeere und Maulbeere gef\u00fcllte FRUCHTKUGEL, in der leicht wiederverschlie\u00dfbaren Verpackung!<\/p>\n<\/div>\n<\/div>\n<\/div>\n<\/div>\n<\/div>\n<\/div>\n<\/div>\n<\/div>\n","protected":false},"featured_media":11950,"comment_status":"closed","ping_status":"closed","template":"","meta":{"_joinchat":[]},"product_brand":[],"product_cat":[245,233,239],"product_tag":[],"class_list":{"0":"post-11949","1":"product","2":"type-product","3":"status-publish","4":"has-post-thumbnail","6":"product_cat-beeren-fruchtkugeln","7":"product_cat-gesunder-snack","8":"product_cat-kennenlern-sets","10":"first","11":"instock","12":"taxable","13":"shipping-taxable","14":"purchasable","15":"product-type-simple"},"_links":{"self":[{"href":"https:\/\/www.rawberrysnacks.com\/de\/wp-json\/wp\/v2\/product\/11949","targetHints":{"allow":["GET"]}}],"collection":[{"href":"https:\/\/www.rawberrysnacks.com\/de\/wp-json\/wp\/v2\/product"}],"about":[{"href":"https:\/\/www.rawberrysnacks.com\/de\/wp-json\/wp\/v2\/types\/product"}],"replies":[{"embeddable":true,"href":"https:\/\/www.rawberrysnacks.com\/de\/wp-json\/wp\/v2\/comments?post=11949"}],"version-history":[{"count":0,"href":"https:\/\/www.rawberrysnacks.com\/de\/wp-json\/wp\/v2\/product\/11949\/revisions"}],"wp:featuredmedia":[{"embeddable":true,"href":"https:\/\/www.rawberrysnacks.com\/de\/wp-json\/wp\/v2\/media\/11950"}],"wp:attachment":[{"href":"https:\/\/www.rawberrysnacks.com\/de\/wp-json\/wp\/v2\/media?parent=11949"}],"wp:term":[{"taxonomy":"product_brand","embeddable":true,"href":"https:\/\/www.rawberrysnacks.com\/de\/wp-json\/wp\/v2\/product_brand?post=11949"},{"taxonomy":"product_cat","embeddable":true,"href":"https:\/\/www.rawberrysnacks.com\/de\/wp-json\/wp\/v2\/product_cat?post=11949"},{"taxonomy":"product_tag","embeddable":true,"href":"https:\/\/www.rawberrysnacks.com\/de\/wp-json\/wp\/v2\/product_tag?post=11949"}],"curies":[{"name":"wp","href":"https:\/\/api.w.org\/{rel}","templated":true}]}}