{"id":11935,"date":"2022-05-24T19:14:00","date_gmt":"2022-05-24T19:14:00","guid":{"rendered":"https:\/\/www.rawberrysnacks.com\/datenschutzrichtlinie\/"},"modified":"2023-03-29T12:35:12","modified_gmt":"2023-03-29T12:35:12","slug":"datenschutzrichtlinie","status":"publish","type":"page","link":"https:\/\/www.rawberrysnacks.com\/de\/datenschutzrichtlinie\/","title":{"rendered":"Datenschutzrichtlinie"},"content":{"rendered":"\n<p>Information zur Schutz pers\u00f6nlicher Daten<\/p>\n\n<p>Wir von rawberrysnacks.com legen gro\u00dfen Wert darauf, dass Ihre pers\u00f6nlichen Daten gem\u00e4\u00df dem Gesetz Nr. 6698 \u00fcber den Schutz personenbezogener Daten (\u201eGesetz\u201c) ordnungsgem\u00e4\u00df verarbeitet und aufbewahrt werden. Wir m\u00f6chten unsere Kunden \u00fcber unsere Ziele und Methoden bei der Sammlung, Verarbeitung und \u00dcbertragung ihrer pers\u00f6nlichen Daten sowie \u00fcber ihre Rechte, die aus dem Gesetz resultieren, informieren.<\/p>\n\n<p>\n          <strong>1. Methoden zur Sammlung personenbezogener Daten<\/strong>\n        <\/p>\n\n<p>Als Datenverantwortlicher bei rawberrysnacks.com sammeln wir Ihre pers\u00f6nlichen Daten aufgrund unserer gesetzlichen Verpflichtungen gem\u00e4\u00df der Gesetzgebung durch m\u00fcndliche, schriftliche oder elektronische Methoden, einschlie\u00dflich unserer Websites, sozialen Medien, Mobil-Apps und \u00e4hnlicher Kan\u00e4le, mit dem Ziel, Ihnen die Nutzung unserer Marken-Services zu erm\u00f6glichen, Sie \u00fcber unsere Kampagnen zu informieren, falls Sie damit einverstanden sind, Ihre Vorschl\u00e4ge und Beschwerden zu registrieren, bessere Service-Standards f\u00fcr Sie zu schaffen und die Bestimmung und Umsetzung unserer kommerziellen und Gesch\u00e4ftsstrategien bei rawberrysnacks.com.<\/p>\n\n<p>\n          <strong>2. Verarbeitung und Zwecke der Verarbeitung personenbezogener Daten<\/strong>\n        <\/p>\n\n<p>Als Datenverantwortlicher bei rawberrysnacks.com k\u00f6nnen wir Ihre pers\u00f6nlichen und\/oder besonderen personenbezogenen Daten, die wir durch Anrufzentren, schriftliche Kommunikationskan\u00e4le, soziale Medienseiten, mobile Kommunikationskan\u00e4le, Gesch\u00e4ftskommunikationskan\u00e4le und\/oder andere Kan\u00e4le mit Ihrer Zustimmung erhalten, vollst\u00e4ndig oder teilweise erfassen, aufzeichnen, speichern, lagern, \u00e4ndern, aktualisieren, periodisch \u00fcberpr\u00fcfen, neu organisieren, kategorisieren, so lange aufbewahren wie erforderlich f\u00fcr den Zweck ihrer Verarbeitung oder gem\u00e4\u00df geltendem Recht, und falls erforderlich gem\u00e4\u00df gesetzlichen oder faktischen Verpflichtungen an die mit rawberrysnacks.com zusammenarbeitenden privaten oder \u00f6ffentlichen Personen oder an die staatlichen Einrichtungen und Organisationen, denen rawberrysnacks.com rechtlich verpflichtet ist, und\/oder an relevante Dritte innerhalb oder au\u00dferhalb der T\u00fcrkei weitergegeben oder \u00fcbertragen werden, und falls erforderlich gem\u00e4\u00df gesetzlichen oder faktischen Verpflichtungen ins Ausland exportiert werden k\u00f6nnen.<\/p>\n\n<p>Wir von rawberrysnacks.com informieren Sie dar\u00fcber, dass wir Ihre pers\u00f6nlichen Daten gem\u00e4\u00df dem Gesetz Nr. 6698 \u00fcber den Schutz personenbezogener Daten und den relevanten Gesetzen verarbeiten k\u00f6nnen, um Ihnen den Nutzen unserer Marken zu erm\u00f6glichen, Sie \u00fcber unsere Kampagnen zu informieren (sofern Sie zustimmen), Ihre Vorschl\u00e4ge und Beschwerden aufzuzeichnen, Ihnen bessere Service-Standards anzubieten, die t\u00e4glichen und Gesch\u00e4ftsstrategien von rawberrysnacks.com zu bestimmen und umzusetzen.<\/p>\n\n<p>\n          <strong>3. \u00dcbertragung von personenbezogenen Daten<\/strong>\n        <\/p>\n\n<p>Rawberrysnacks.com wird Ihre personenbezogenen Daten nur unter den Bedingungen, dass ausreichende Sicherheitsma\u00dfnahmen getroffen werden und dass eine ausdr\u00fcckliche Zustimmung vorliegt oder gem\u00e4\u00df den in der Gesetzgebung festgelegten Sicherheits- und Datenschutzrichtlinien, innerhalb und au\u00dferhalb des Landes, teilen; Zweckm\u00e4\u00dfigkeit der Gesch\u00e4ftst\u00e4tigkeiten von rawberrysnacks.com, Vermittlung der Gesch\u00e4ftsbeziehung zwischen Dateninhabern und Kunden und\/oder Durchf\u00fchrung von Gespr\u00e4chen zu diesem Zweck, Bereitstellung von Dienstleistungen, Chancen und M\u00f6glichkeiten sowie Verbesserung der Servicequalit\u00e4t; mit Tochtergesellschaften, Gesch\u00e4ftspartnern, Kunden, bei denen wir eine Vereinbarung haben und die wir bedienen, Lieferanten, Pr\u00fcfungsgesellschaften oder \u00f6ffentlichen Stellen, die berechtigt sind, diese Daten aufgrund einer rechtlichen Verpflichtung anzufordern, sowie anderen relevanten Beh\u00f6rden.<\/p>\n\n<p>\n          <strong>4. Rechte des Inhabers der personenbezogenen Daten gem\u00e4\u00df Artikel 11 des Datenschutzgesetzes (\u201cGesetz\u201d) Rechte gem\u00e4\u00df genannter Bestimmung des Datenschutzgesetzes<\/strong>\n        <\/p>\n\n<p>rawberrysnacks.com wird auf die folgenden Anfragen von betroffenen Personen reagieren:<\/p>\n\n<p>a) Erfahren, ob rawberrysnacks.com personenbezogene Daten \u00fcber sie verarbeitet und welche personenbezogenen Daten verarbeitet werden.<\/p>\n\n<p>b) Informationen \u00fcber die Zwecke der Verarbeitung erhalten.<\/p>\n\n<p>c) Erfahren, wer von rawberrysnacks.com die personenbezogenen Daten innerhalb oder au\u00dferhalb des Landes erh\u00e4lt.<\/p>\n\n<p>d) Fordern, dass personenbezogene Daten, die unvollst\u00e4ndig oder falsch verarbeitet werden, korrigiert werden.<\/p>\n\n<p>e) Verlangen, dass personenbezogene Daten gem\u00e4\u00df dem Gesetz gel\u00f6scht oder vernichtet werden.<\/p>\n\n<p>f) Bei einer Anfrage zur Korrektur, L\u00f6schung oder Vernichtung personenbezogener Daten verlangen, dass die durchgef\u00fchrten Ma\u00dfnahmen den Dritten mitgeteilt werden, an die die personenbezogenen Daten \u00fcbermittelt wurden.<\/p>\n\n<p>g) Einwendungen gegen das Ergebnis einer automatischen Analyse der verarbeiteten Daten, die zu einem Nachteil f\u00fcr die betreffende Person f\u00fchrt.<\/p>\n\n<p>h) Eine Kopie ihrer personenbezogenen Daten zu erhalten.<\/p>\n\n<p>Sie k\u00f6nnen uns f\u00fcr Ihre Anregungen und Fragen kontaktieren.<\/p>\n\n<p>Titel :<\/p>\n\n<p>Telefon: +90 216 706 1696<\/p>\n\n<p>Mersis-Nr.:<\/p>\n\n<p>Steueramt:<\/p>\n\n<p>Vergi Nummer:<\/p>\n\n<p>Adresse: K\u0131s\u0131kl\u0131 Mah. Alemda\u011f Stra\u00dfe Nr.: 60, Masaldan Business Center G-1, \u00dcsk\u00fcdar, 34692 Istanbul<\/p>\n\n<p>Mail: bilgi@rawberrysnacks.com<\/p>\n\n<p>Gizlilik und Sicherheit<\/p>\n\n<p>rawberrysnacks.com Online Shop fordert einige Ihrer pers\u00f6nlichen Informationen (Name, Alter, Interessen, E-Mail usw.) an, um Ihnen besseren Service bieten zu k\u00f6nnen. rawberrysnacks.com Online Shop verwendet die von Ihnen bereitgestellten pers\u00f6nlichen Informationen (Name, Alter, Interessen, E-Mail usw.), um Ihnen bessere Dienstleistungen anbieten zu k\u00f6nnen. Diese Informationen, die auf den Servern von rawberrysnacks.com Online Shop gesammelt werden, werden nur innerhalb von rawberrysnacks.com Online Shop f\u00fcr zeitweise Kampagnenarbeiten, die Gestaltung von speziellen Promotionsaktivit\u00e4ten f\u00fcr Kundenprofile und die Klassifizierung von Kunden zur Vermeidung unerw\u00fcnschter E-Mails verwendet. rawberrysnacks.com Online Shop wird die von Ihnen gesammelten Informationen aus den Anmeldeformularen nicht ohne Ihr Wissen oder einen anderen Befehl an Dritte weitergeben, au\u00dferhalb seiner T\u00e4tigkeiten nicht f\u00fcr gesch\u00e4ftliche Zwecke verwenden und verkaufen.<\/p>\n\n<p>Kundendaten k\u00f6nnen nur in F\u00e4llen, in denen diese Informationen von den zust\u00e4ndigen Beh\u00f6rden angefordert werden und rawberrysnacks.com Online Shop gem\u00e4\u00df den geltenden gesetzlichen Bestimmungen verpflichtet ist, diese Informationen den Beh\u00f6rden mitzuteilen, den Beh\u00f6rden mitgeteilt werden.<\/p>\n\n<p>Nur der Kunde kann auf alle von ihm in das System eingegebenen Informationen zugreifen und nur der Kunde kann diese Informationen \u00e4ndern. Ein Zugriff durch eine andere Person auf diese Informationen und deren \u00c4nderung ist nicht m\u00f6glich. Diese Informationen werden nicht auf den Servern von rawberrysnacks.com Online Shop oder dessen beteiligten Unternehmen gespeichert, um die Sicherheit unserer wertvollen Kunden beim Einkaufen auf der Website auf h\u00f6chstem Niveau zu gew\u00e4hrleisten. Dies garantiert, dass alle Zahlungsprozesse direkt zwischen Ihrer Bank und Ihrem Computer \u00fcber die Schnittstelle von rawberrysnacks.com Online Shop stattfinden.<\/p>\n\n<p>Verwendung von Cookies<\/p>\n\n<p>Cookies sind kleine Textdateien oder Informationen, die auf Ihrem Computer oder Mobilger\u00e4t (wie Smartphone oder Tablet) bei Ihrem Besuch unserer Website gespeichert werden.<\/p>\n\n<p>Wir verwenden Cookies, um unsere Websites einfacher zu nutzen und sie auf Ihre Interessen und Bed\u00fcrfnisse abzustimmen. Wir verwenden Cookies, um unsere Websites einfacher zu nutzen und aufgrund Ihrer Interessen und Bed\u00fcrfnisse anzupassen. Internetseiten k\u00f6nnen diese Cookie-Dateien lesen und schreiben und somit k\u00f6nnen wichtige Informationen \u00fcber Sie gespeichert werden (z.B. das Merken Ihrer Einstellungen), um Sie zu erkennen und Ihnen eine bessere Internetseite anzubieten.<\/p>\n\n<p>Au\u00dferdem helfen Cookies bei der Beschleunigung Ihrer zuk\u00fcnftigen Aktivit\u00e4ten auf unseren Websites. Diese Cookies helfen uns auch, das Verhalten unserer Besucher auf unseren Websites zu verstehen und die Gestaltung und Nutzbarkeit unserer Websites zu verbessern, indem wir statistische Informationen \u00fcber die Verwendung unserer Websites sammeln.<\/p>\n\n<p>rawberrysnacks.com<\/p>\n\n<p>Adresse: K\u0131s\u0131kl\u0131 Mah. Alemda\u011f Stra\u00dfe Nr.: 60, Masaldan Business Center G-1, \u00dcsk\u00fcdar, 34692 Istanbul<\/p>\n\n<p>Telefon: +90 216 706 1696<\/p>\n","protected":false},"excerpt":{"rendered":"<p>Information zur Schutz pers\u00f6nlicher Daten Wir von rawberrysnacks.com legen gro\u00dfen Wert darauf, dass Ihre pers\u00f6nlichen Daten gem\u00e4\u00df dem Gesetz Nr.<\/p>\n","protected":false},"author":1,"featured_media":0,"parent":0,"menu_order":0,"comment_status":"closed","ping_status":"closed","template":"elementor_theme","meta":{"_joinchat":[],"footnotes":""},"class_list":["post-11935","page","type-page","status-publish","hentry"],"_links":{"self":[{"href":"https:\/\/www.rawberrysnacks.com\/de\/wp-json\/wp\/v2\/pages\/11935","targetHints":{"allow":["GET"]}}],"collection":[{"href":"https:\/\/www.rawberrysnacks.com\/de\/wp-json\/wp\/v2\/pages"}],"about":[{"href":"https:\/\/www.rawberrysnacks.com\/de\/wp-json\/wp\/v2\/types\/page"}],"author":[{"embeddable":true,"href":"https:\/\/www.rawberrysnacks.com\/de\/wp-json\/wp\/v2\/users\/1"}],"replies":[{"embeddable":true,"href":"https:\/\/www.rawberrysnacks.com\/de\/wp-json\/wp\/v2\/comments?post=11935"}],"version-history":[{"count":0,"href":"https:\/\/www.rawberrysnacks.com\/de\/wp-json\/wp\/v2\/pages\/11935\/revisions"}],"wp:attachment":[{"href":"https:\/\/www.rawberrysnacks.com\/de\/wp-json\/wp\/v2\/media?parent=11935"}],"curies":[{"name":"wp","href":"https:\/\/api.w.org\/{rel}","templated":true}]}}