{"id":11909,"date":"2022-05-24T20:09:52","date_gmt":"2022-05-24T20:09:52","guid":{"rendered":"https:\/\/www.rawberrysnacks.com\/haeufig-gestellte-fragen\/"},"modified":"2023-03-29T09:37:11","modified_gmt":"2023-03-29T09:37:11","slug":"haeufig-gestellte-fragen","status":"publish","type":"page","link":"https:\/\/www.rawberrysnacks.com\/de\/haeufig-gestellte-fragen\/","title":{"rendered":"H\u00e4ufig gestellte Fragen"},"content":{"rendered":"\t\t<div data-elementor-type=\"wp-page\" data-elementor-id=\"11909\" class=\"elementor elementor-11909 elementor-8574\">\n\t\t\t\t\t\t<section class=\"wd-negative-gap elementor-section elementor-top-section elementor-element elementor-element-9b9fb0c elementor-section-boxed elementor-section-height-default elementor-section-height-default\" data-id=\"9b9fb0c\" data-element_type=\"section\" data-e-type=\"section\">\n\t\t\t\t\t\t<div class=\"elementor-container elementor-column-gap-default\">\n\t\t\t\t\t<div class=\"elementor-column elementor-col-50 elementor-top-column elementor-element elementor-element-c54de9f\" data-id=\"c54de9f\" data-element_type=\"column\" data-e-type=\"column\">\n\t\t\t<div class=\"elementor-widget-wrap elementor-element-populated\">\n\t\t\t\t\t\t<div class=\"elementor-element elementor-element-d30cf57 elementor-widget elementor-widget-wd_image_or_svg\" data-id=\"d30cf57\" data-element_type=\"widget\" data-e-type=\"widget\" data-widget_type=\"wd_image_or_svg.default\">\n\t\t\t\t<div class=\"elementor-widget-container\">\n\t\t\t\t\t\n\t\t<div class=\"wd-image text-center\">\n\t\t\t\t\t\t\t<a  aria-label=\"Image link\">\n\t\t\t\t\t\t\t\t<img loading=\"lazy\" decoding=\"async\" width=\"500\" height=\"284\" src=\"https:\/\/www.rawberrysnacks.com\/wp-content\/uploads\/2022\/05\/Yelpaze-1024x581-1.png\" class=\"attachment-full size-full\" alt=\"\" srcset=\"https:\/\/www.rawberrysnacks.com\/wp-content\/uploads\/2022\/05\/Yelpaze-1024x581-1.png 500w, https:\/\/www.rawberrysnacks.com\/wp-content\/uploads\/2022\/05\/Yelpaze-1024x581-1-250x142.png 250w, https:\/\/www.rawberrysnacks.com\/wp-content\/uploads\/2022\/05\/Yelpaze-1024x581-1-150x85.png 150w, https:\/\/www.rawberrysnacks.com\/wp-content\/uploads\/2022\/05\/Yelpaze-1024x581-1-400x227.png 400w, https:\/\/www.rawberrysnacks.com\/wp-content\/uploads\/2022\/05\/Yelpaze-1024x581-1-430x244.png 430w\" sizes=\"auto, (max-width: 500px) 100vw, 500px\" \/>\t\t\t\t\t\t\t<\/a>\n\t\t\t\t\t<\/div>\n\n\t\t\t\t\t\t<\/div>\n\t\t\t\t<\/div>\n\t\t\t\t<div class=\"elementor-element elementor-element-2347f26 wd-width-100 elementor-widget elementor-widget-wd_title\" data-id=\"2347f26\" data-element_type=\"widget\" data-e-type=\"widget\" data-widget_type=\"wd_title.default\">\n\t\t\t\t<div class=\"elementor-widget-container\">\n\t\t\t\t\t\t\t<div class=\"title-wrapper wd-set-mb reset-last-child wd-title-color-default wd-title-style-default wd-title-size-default text-center\">\n\n\t\t\t\n\t\t\t<div class=\"liner-continer\">\n\t\t\t\t<h4 class=\"woodmart-title-container title wd-fontsize-l\">Die h\u00e4ufigsten Fragen von Ihnen<\/h4> \n\t\t\t\t\t\t\t<\/div>\n\n\t\t\t\t\t\t\t<div class=\"title-after_title reset-last-child wd-fontsize-xs\">\n\t\t\t\t\t<br \/>\n          <p>HABEN SIE NOCH EINE ANDERE FRAGE?<br>Bitte schreiben Sie uns unter <a href=\"mailto:info@rawberrysnacks.com\">info@rawberrysnacks.com<\/a><\/p><br \/>\n        \t\t\t\t<\/div>\n\t\t\t\t\t<\/div>\n\t\t\t\t\t\t<\/div>\n\t\t\t\t<\/div>\n\t\t\t\t\t<\/div>\n\t\t<\/div>\n\t\t\t\t<div class=\"elementor-column elementor-col-50 elementor-top-column elementor-element elementor-element-2aac940\" data-id=\"2aac940\" data-element_type=\"column\" data-e-type=\"column\">\n\t\t\t<div class=\"elementor-widget-wrap elementor-element-populated\">\n\t\t\t\t\t\t<div class=\"elementor-element elementor-element-5a6dad1 elementor-widget elementor-widget-wd_accordion\" data-id=\"5a6dad1\" data-element_type=\"widget\" data-e-type=\"widget\" data-widget_type=\"wd_accordion.default\">\n\t\t\t\t<div class=\"elementor-widget-container\">\n\t\t\t\t\t\n\t\t<div class=\"wd-accordion wd-style-default wd-titles-left wd-opener-pos-left wd-opener-style-arrow\" data-state=\"first\">\n\t\t\t\t\t\t\t\n\t\t\t\t<div class=\"wd-accordion-item\">\n\t\t\t\t\t<div class=\"wd-accordion-title wd-role-btn wd-active\" data-accordion-index=\"0\" tabindex=\"0\">\n\t\t\t\t\t\t<div class=\"wd-accordion-title-text\">\n\t\t\t\t\t\t\t\t\t\t\t\t\t\t<span>\n\t\t\t\t\t\t\t\tWarum Berry?\t\t\t\t\t\t\t<\/span>\n\t\t\t\t\t\t<\/div>\n\t\t\t\t\t\t<span class=\"wd-accordion-opener\"><\/span>\n\t\t\t\t\t<\/div>\n\n\t\t\t\t\t<div class=\"wd-accordion-content wd-entry-content wd-active\" data-accordion-index=\"0\">\n\t\t\t\t\t\t\t\t\t\t\t\t\t\n\t\t\t\t\t\t\t\n          <p>Sehr einfach. Es ist bewiesen, dass alle Berry-Sorten Antioxidantien enthalten. \"Deshalb enth\u00e4lt jedes unserer Produkte mindestens eine Berry-Sorte.<\/p>\n        \n\t\t\t\t\t\t\t\t\t\t\t\t\t\t\t\t\t\t<\/div>\n\t\t\t\t<\/div>\n\t\t\t\t\t\t\t\n\t\t\t\t<div class=\"wd-accordion-item\">\n\t\t\t\t\t<div class=\"wd-accordion-title wd-role-btn\" data-accordion-index=\"1\" tabindex=\"0\">\n\t\t\t\t\t\t<div class=\"wd-accordion-title-text\">\n\t\t\t\t\t\t\t\t\t\t\t\t\t\t<span>\n\t\t\t\t\t\t\t\tWarum Rawberry?\t\t\t\t\t\t\t<\/span>\n\t\t\t\t\t\t<\/div>\n\t\t\t\t\t\t<span class=\"wd-accordion-opener\"><\/span>\n\t\t\t\t\t<\/div>\n\n\t\t\t\t\t<div class=\"wd-accordion-content wd-entry-content\" data-accordion-index=\"1\">\n\t\t\t\t\t\t\t\t\t\t\t\t\t\n\t\t\t\t\t\t\t\n          <p>Weil Sie uns wichtig sind. In keinem unserer Produkte befinden sich zus\u00e4tzlicher Zucker, Konservierungsstoffe, Farbstoffe oder GVO. \"Alle unsere Produkte sind glutenfrei, vegan und f\u00fcr die Paleo-Di\u00e4t geeignet. Alle Altersgruppen von Kindern bis hin zu Senioren k\u00f6nnen Rawberry sicher konsumieren.<\/p>\n        \n\t\t\t\t\t\t\t\t\t\t\t\t\t\t\t\t\t\t<\/div>\n\t\t\t\t<\/div>\n\t\t\t\t\t\t\t\n\t\t\t\t<div class=\"wd-accordion-item\">\n\t\t\t\t\t<div class=\"wd-accordion-title wd-role-btn\" data-accordion-index=\"2\" tabindex=\"0\">\n\t\t\t\t\t\t<div class=\"wd-accordion-title-text\">\n\t\t\t\t\t\t\t\t\t\t\t\t\t\t<span>\n\t\t\t\t\t\t\t\tIst Rawberry f\u00fcr eine vegane Ern\u00e4hrung geeignet?\t\t\t\t\t\t\t<\/span>\n\t\t\t\t\t\t<\/div>\n\t\t\t\t\t\t<span class=\"wd-accordion-opener\"><\/span>\n\t\t\t\t\t<\/div>\n\n\t\t\t\t\t<div class=\"wd-accordion-content wd-entry-content\" data-accordion-index=\"2\">\n\t\t\t\t\t\t\t\t\t\t\t\t\t\n\t\t\t\t\t\t\t\n          <p>Absolut Alle unsere Produkte sind vegan. Wir akzeptieren unter keinen Umst\u00e4nden tierische Produkte in unserem Herstellungsbetrieb. \"Alle unsere Produkte wurden von der T\u00fcrkischen Veganen Vereinigung an der Universit\u00e4t Yeditepe analysiert und haben das internationale V-LABEL-Zertifikat erhalten.<\/p>\n        \n\t\t\t\t\t\t\t\t\t\t\t\t\t\t\t\t\t\t<\/div>\n\t\t\t\t<\/div>\n\t\t\t\t\t\t\t\n\t\t\t\t<div class=\"wd-accordion-item\">\n\t\t\t\t\t<div class=\"wd-accordion-title wd-role-btn\" data-accordion-index=\"3\" tabindex=\"0\">\n\t\t\t\t\t\t<div class=\"wd-accordion-title-text\">\n\t\t\t\t\t\t\t\t\t\t\t\t\t\t<span>\n\t\t\t\t\t\t\t\tWieviele Arten von Beeren gibt es?\t\t\t\t\t\t\t<\/span>\n\t\t\t\t\t\t<\/div>\n\t\t\t\t\t\t<span class=\"wd-accordion-opener\"><\/span>\n\t\t\t\t\t<\/div>\n\n\t\t\t\t\t<div class=\"wd-accordion-content wd-entry-content\" data-accordion-index=\"3\">\n\t\t\t\t\t\t\t\t\t\t\t\t\t\n\t\t\t\t\t\t\t\n          <p>Bitte sehen Sie in unserem Berry-W\u00f6rterbuch nach. Gewiss gibt es ein paar Sorten, die Sie brauchen werden. Bitte schauen Sie sich unser Berry-W\u00f6rterbuch an.<\/p>\n        \n\t\t\t\t\t\t\t\t\t\t\t\t\t\t\t\t\t\t<\/div>\n\t\t\t\t<\/div>\n\t\t\t\t\t\t\t\n\t\t\t\t<div class=\"wd-accordion-item\">\n\t\t\t\t\t<div class=\"wd-accordion-title wd-role-btn\" data-accordion-index=\"4\" tabindex=\"0\">\n\t\t\t\t\t\t<div class=\"wd-accordion-title-text\">\n\t\t\t\t\t\t\t\t\t\t\t\t\t\t<span>\n\t\t\t\t\t\t\t\tJa, Rawberry ist roh.\t\t\t\t\t\t\t<\/span>\n\t\t\t\t\t\t<\/div>\n\t\t\t\t\t\t<span class=\"wd-accordion-opener\"><\/span>\n\t\t\t\t\t<\/div>\n\n\t\t\t\t\t<div class=\"wd-accordion-content wd-entry-content\" data-accordion-index=\"4\">\n\t\t\t\t\t\t\t\t\t\t\t\t\t\n\t\t\t\t\t\t\t\n          <p>Ja, alle sind roh. Das bedeutet, dass alle N\u00fcsse und Trockenfr\u00fcchte, die wir verwenden, roh sind. Ja, alle sind roh. Wir verwenden alle N\u00fcsse und Trockenfr\u00fcchte in ihrer rohen Form. Unser Prozess ist sehr einfach und es findet keine Erhitzung in irgendeinem Stadium statt.<\/p>\n        \n\t\t\t\t\t\t\t\t\t\t\t\t\t\t\t\t\t\t<\/div>\n\t\t\t\t<\/div>\n\t\t\t\t\t\t\t\n\t\t\t\t<div class=\"wd-accordion-item\">\n\t\t\t\t\t<div class=\"wd-accordion-title wd-role-btn\" data-accordion-index=\"5\" tabindex=\"0\">\n\t\t\t\t\t\t<div class=\"wd-accordion-title-text\">\n\t\t\t\t\t\t\t\t\t\t\t\t\t\t<span>\n\t\t\t\t\t\t\t\tWas macht Rawberry anders?\t\t\t\t\t\t\t<\/span>\n\t\t\t\t\t\t<\/div>\n\t\t\t\t\t\t<span class=\"wd-accordion-opener\"><\/span>\n\t\t\t\t\t<\/div>\n\n\t\t\t\t\t<div class=\"wd-accordion-content wd-entry-content\" data-accordion-index=\"5\">\n\t\t\t\t\t\t\t\t\t\t\t\t\t\n\t\t\t\t\t\t\t\n          <p>Was auch immer wir sagen, Sie m\u00fcssen es zuerst selbst probieren. Was auch immer wir sagen, Sie m\u00fcssen es zuerst probieren. Unser Unterschied liegt sowohl in der Qualit\u00e4t der verwendeten Produkte als auch in unseren Rezepten. Wir k\u00f6nnen bescheiden sein, was das betrifft. Wir sind uns sicher, dass wir den besten Geschmack haben. Haben Sie Kommentare zu unseren Produkten? Bitte schreiben Sie uns unter info@rawberrysnacks.com f\u00fcr Ihre Kommentare zu unseren Produkten. Au\u00dferdem freuen wir uns auf Ihre Meinungen und Gedanken!<\/p>\n        \n\t\t\t\t\t\t\t\t\t\t\t\t\t\t\t\t\t\t<\/div>\n\t\t\t\t<\/div>\n\t\t\t\t\t\t\t\n\t\t\t\t<div class=\"wd-accordion-item\">\n\t\t\t\t\t<div class=\"wd-accordion-title wd-role-btn\" data-accordion-index=\"6\" tabindex=\"0\">\n\t\t\t\t\t\t<div class=\"wd-accordion-title-text\">\n\t\t\t\t\t\t\t\t\t\t\t\t\t\t<span>\n\t\t\t\t\t\t\t\tIst Rawberry f\u00fcr eine Di\u00e4t geeignet?\t\t\t\t\t\t\t<\/span>\n\t\t\t\t\t\t<\/div>\n\t\t\t\t\t\t<span class=\"wd-accordion-opener\"><\/span>\n\t\t\t\t\t<\/div>\n\n\t\t\t\t\t<div class=\"wd-accordion-content wd-entry-content\" data-accordion-index=\"6\">\n\t\t\t\t\t\t\t\t\t\t\t\t\t\n\t\t\t\t\t\t\t\n          <p>Ja und Nein. Obwohl wir eine Marke sind, die gesunde Produkte herstellt, sind unsere Produkte kein Nahrungserg\u00e4nzungsmittel. Rawberry ersetzt keine Mahlzeiten, unterst\u00fctzt aber Ihre Mahlzeiten und ist ein nahrhaftes Zwischenmahlzeit-Snack.<\/p>\n        \n\t\t\t\t\t\t\t\t\t\t\t\t\t\t\t\t\t\t<\/div>\n\t\t\t\t<\/div>\n\t\t\t\t\t\t\t\n\t\t\t\t<div class=\"wd-accordion-item\">\n\t\t\t\t\t<div class=\"wd-accordion-title wd-role-btn\" data-accordion-index=\"7\" tabindex=\"0\">\n\t\t\t\t\t\t<div class=\"wd-accordion-title-text\">\n\t\t\t\t\t\t\t\t\t\t\t\t\t\t<span>\n\t\t\t\t\t\t\t\tKann ich als Content-Provider f\u00fcr Ihre sozialen Medien-Seiten dienen?\t\t\t\t\t\t\t<\/span>\n\t\t\t\t\t\t<\/div>\n\t\t\t\t\t\t<span class=\"wd-accordion-opener\"><\/span>\n\t\t\t\t\t<\/div>\n\n\t\t\t\t\t<div class=\"wd-accordion-content wd-entry-content\" data-accordion-index=\"7\">\n\t\t\t\t\t\t\t\t\t\t\t\t\t\n\t\t\t\t\t\t\t\n          <p>Ja, nat\u00fcrlich. F\u00fcr Rawberry ist der Inhalt sehr wichtig. Wenn Sie an gesundem Leben, gesunder \/ roher Ern\u00e4hrung oder \u00e4hnlichen Themen interessiert sind, freuen wir uns auf Ihre E-Mail, in der Sie Ihre Ideen \/ Gedanken an <a href=\"mailto:info@rawberrysnacks.com\">info@rawberrysnacks.com<\/a> senden. Wir pr\u00fcfen alle Anfragen gr\u00fcndlich und geben Ihnen eine R\u00fcckmeldung.<\/p>\n        \n\t\t\t\t\t\t\t\t\t\t\t\t\t\t\t\t\t\t<\/div>\n\t\t\t\t<\/div>\n\t\t\t\t\t\t\t\n\t\t\t\t<div class=\"wd-accordion-item\">\n\t\t\t\t\t<div class=\"wd-accordion-title wd-role-btn\" data-accordion-index=\"8\" tabindex=\"0\">\n\t\t\t\t\t\t<div class=\"wd-accordion-title-text\">\n\t\t\t\t\t\t\t\t\t\t\t\t\t\t<span>\n\t\t\t\t\t\t\t\tKann ich f\u00fcr Rawberry-Produkte ein Verk\u00e4ufer \/ Distributor werden?\t\t\t\t\t\t\t<\/span>\n\t\t\t\t\t\t<\/div>\n\t\t\t\t\t\t<span class=\"wd-accordion-opener\"><\/span>\n\t\t\t\t\t<\/div>\n\n\t\t\t\t\t<div class=\"wd-accordion-content wd-entry-content\" data-accordion-index=\"8\">\n\t\t\t\t\t\t\t\t\t\t\t\t\t\n\t\t\t\t\t\t\t\n          <p>Warum nicht? Denken Sie daran, dass der Markt f\u00fcr gesunde Snacks ein wachsender Markt ist, der von Tag zu Tag w\u00e4chst. Das Ziel von Rawberry ist es, einer der wichtigen Akteure auf dem Markt f\u00fcr gesunde Snacks zu sein. Sie k\u00f6nnen uns Ihre Anfragen aus dem In- und Ausland unter info@rawberrysnacks.com zukommen lassen und Teil dieser Gelegenheit sein.<\/p>\n        \n\t\t\t\t\t\t\t\t\t\t\t\t\t\t\t\t\t\t<\/div>\n\t\t\t\t<\/div>\n\t\t\t\t\t<\/div>\n\t\t\t\t\t\t<\/div>\n\t\t\t\t<\/div>\n\t\t\t\t\t<\/div>\n\t\t<\/div>\n\t\t\t\t\t<\/div>\n\t\t<\/section>\n\t\t\t\t<section class=\"wd-negative-gap elementor-section elementor-top-section elementor-element elementor-element-89a0e58 elementor-section-boxed elementor-section-height-default elementor-section-height-default\" data-id=\"89a0e58\" data-element_type=\"section\" data-e-type=\"section\">\n\t\t\t\t\t\t<div class=\"elementor-container elementor-column-gap-default\">\n\t\t\t\t\t<div class=\"elementor-column elementor-col-50 elementor-top-column elementor-element elementor-element-0edea43\" data-id=\"0edea43\" data-element_type=\"column\" data-e-type=\"column\">\n\t\t\t<div class=\"elementor-widget-wrap\">\n\t\t\t\t\t\t\t<\/div>\n\t\t<\/div>\n\t\t\t\t<div class=\"elementor-column elementor-col-50 elementor-top-column elementor-element elementor-element-5d52a5b\" data-id=\"5d52a5b\" data-element_type=\"column\" data-e-type=\"column\">\n\t\t\t<div class=\"elementor-widget-wrap\">\n\t\t\t\t\t\t\t<\/div>\n\t\t<\/div>\n\t\t\t\t\t<\/div>\n\t\t<\/section>\n\t\t\t\t<\/div>\n\t\t","protected":false},"excerpt":{"rendered":"<p>Die h\u00e4ufigsten Fragen von Ihnen HABEN SIE NOCH EINE ANDERE FRAGE?Bitte schreiben Sie uns unter info@rawberrysnacks.com Warum Berry? Sehr einfach.<\/p>\n","protected":false},"author":1,"featured_media":0,"parent":0,"menu_order":0,"comment_status":"closed","ping_status":"closed","template":"","meta":{"_joinchat":[],"footnotes":""},"class_list":["post-11909","page","type-page","status-publish","hentry"],"_links":{"self":[{"href":"https:\/\/www.rawberrysnacks.com\/de\/wp-json\/wp\/v2\/pages\/11909","targetHints":{"allow":["GET"]}}],"collection":[{"href":"https:\/\/www.rawberrysnacks.com\/de\/wp-json\/wp\/v2\/pages"}],"about":[{"href":"https:\/\/www.rawberrysnacks.com\/de\/wp-json\/wp\/v2\/types\/page"}],"author":[{"embeddable":true,"href":"https:\/\/www.rawberrysnacks.com\/de\/wp-json\/wp\/v2\/users\/1"}],"replies":[{"embeddable":true,"href":"https:\/\/www.rawberrysnacks.com\/de\/wp-json\/wp\/v2\/comments?post=11909"}],"version-history":[{"count":0,"href":"https:\/\/www.rawberrysnacks.com\/de\/wp-json\/wp\/v2\/pages\/11909\/revisions"}],"wp:attachment":[{"href":"https:\/\/www.rawberrysnacks.com\/de\/wp-json\/wp\/v2\/media?parent=11909"}],"curies":[{"name":"wp","href":"https:\/\/api.w.org\/{rel}","templated":true}]}}